{"id":3349,"date":"2022-03-04T15:25:59","date_gmt":"2022-03-04T14:25:59","guid":{"rendered":"https:\/\/wecall.se\/mobile-telephone-exchange\/"},"modified":"2026-03-27T16:27:40","modified_gmt":"2026-03-27T15:27:40","slug":"mobile-telephone-exchange","status":"publish","type":"page","link":"https:\/\/wecall.se\/en\/mobile-telephone-exchange\/","title":{"rendered":"Mobile telephone exchange"},"content":{"rendered":"<section class=\"sidrubrik-section\" data-aos=\"fade-in\" data-aos-duration=\"1000\">\n    <p><h1 style=\"text-align: center;\"><strong>Telephone exchange<\/strong><\/h1>\n<p style=\"text-align: center;\"><strong>A Wecall switchboard simplifies your switchboard system and means you only need one phone per person, saving you time and money. In a world where we&#8217;re constantly on the move, a mobile switchboard also makes it easier to provide good customer service. With Wecall&#8217;s solution, you can take your switchboard with you when you work outside the office and always be available.  <\/strong><\/p>\n<p>&nbsp;<\/p>\n<p style=\"text-align: center;\">It is simply easier to provide good service to customers with <span data-sheets-value=\"{\"1\":2,\"2\":\"f\u00f6retagstelefoner\"}\" data-sheets-userformat=\"{\"2\":513,\"3\":{\"1\":0},\"12\":0}\">business phones with a mobile switchboard attached<\/span>. Of course, you can connect old fixed and mobile phone numbers to our mobile switchboard service, so you can keep the old numbers that customers recognize.<\/p>\n<p>&nbsp;<\/p>\n<p>&nbsp;<\/p>\n<\/p>\n<\/section>\n<div style=\"height:30px\" aria-hidden=\"true\" class=\"wp-block-spacer\"><\/div>\n\n<div class=\"wp-block-media-text has-media-on-the-right is-stacked-on-mobile is-vertically-aligned-center is-image-fill-element has-background\" style=\"background-color:#fbfaf6\"><div class=\"wp-block-media-text__content\">\n<h3 class=\"wp-block-heading\"><strong>What is a telephone exchange?<\/strong><\/h3>\n\n\n\n<div style=\"height:20px\" aria-hidden=\"true\" class=\"wp-block-spacer\"><\/div>\n\n\n\n<p>A telephone exchange is a solution that streamlines communication between your customers and your business. It acts as the hub for call handling and ensures that customers are quickly connected to the right department or person. With a professional switchboard, you can not only improve the customer experience and increase customer satisfaction, but also optimize your internal processes and create a smoother workday for both customers and employees.  <\/p>\n\n\n\n<div style=\"height:30px\" aria-hidden=\"true\" class=\"wp-block-spacer\"><\/div>\n\n\n\n<div class=\"wp-block-buttons is-content-justification-center is-layout-flex wp-container-core-buttons-is-layout-16018d1d wp-block-buttons-is-layout-flex\">\n<div class=\"wp-block-button has-custom-width wp-block-button__width-75\"><a class=\"wp-block-button__link has-black-background-color has-background has-small-font-size has-custom-font-size wp-element-button\" href=\"mailto:info@wecall.se\">Find out more about our telephone switchboard<\/a><\/div>\n<\/div>\n\n\n\n<div style=\"height:40px\" aria-hidden=\"true\" class=\"wp-block-spacer\"><\/div>\n<\/div><figure class=\"wp-block-media-text__media\"><img loading=\"lazy\" decoding=\"async\" width=\"700\" height=\"487\" src=\"https:\/\/wecall.se\/wp-content\/uploads\/2023\/11\/Harstrom_300623_2011-700x487.jpg\" alt=\"\" class=\"wp-image-2787 size-full\" style=\"object-position:50% 50%\" srcset=\"https:\/\/wecall.se\/wp-content\/uploads\/2023\/11\/Harstrom_300623_2011-700x487.jpg 700w, https:\/\/wecall.se\/wp-content\/uploads\/2023\/11\/Harstrom_300623_2011-250x174.jpg 250w, https:\/\/wecall.se\/wp-content\/uploads\/2023\/11\/Harstrom_300623_2011-768x534.jpg 768w, https:\/\/wecall.se\/wp-content\/uploads\/2023\/11\/Harstrom_300623_2011-1536x1068.jpg 1536w, https:\/\/wecall.se\/wp-content\/uploads\/2023\/11\/Harstrom_300623_2011-2048x1424.jpg 2048w, https:\/\/wecall.se\/wp-content\/uploads\/2023\/11\/Harstrom_300623_2011-120x83.jpg 120w\" sizes=\"auto, (max-width: 700px) 100vw, 700px\" \/><\/figure><\/div>\n\n<div style=\"height:30px\" aria-hidden=\"true\" class=\"wp-block-spacer\"><\/div>\n\n<div class=\"wp-block-media-text is-stacked-on-mobile is-image-fill-element has-background\" style=\"background-color:#fbfaf6\"><figure class=\"wp-block-media-text__media\"><img loading=\"lazy\" decoding=\"async\" width=\"700\" height=\"914\" src=\"https:\/\/wecall.se\/wp-content\/uploads\/2023\/12\/alicia-e1702903575611-700x914.jpeg\" alt=\"\" class=\"wp-image-2958 size-full\" style=\"object-position:50% 50%\" srcset=\"https:\/\/wecall.se\/wp-content\/uploads\/2023\/12\/alicia-e1702903575611-700x914.jpeg 700w, https:\/\/wecall.se\/wp-content\/uploads\/2023\/12\/alicia-e1702903575611-250x326.jpeg 250w, https:\/\/wecall.se\/wp-content\/uploads\/2023\/12\/alicia-e1702903575611-120x157.jpeg 120w, https:\/\/wecall.se\/wp-content\/uploads\/2023\/12\/alicia-e1702903575611.jpeg 720w\" sizes=\"auto, (max-width: 700px) 100vw, 700px\" \/><\/figure><div class=\"wp-block-media-text__content\">\n<h3 class=\"wp-block-heading\"><strong>Advantages of a telephone exchange<\/strong><\/h3>\n\n\n\n<div style=\"height:20px\" aria-hidden=\"true\" class=\"wp-block-spacer\"><\/div>\n\n\n\n<ul class=\"wp-block-list\">\n<li><strong>Increased flexibility and availability with a mobile switchboard<\/strong><\/li>\n<\/ul>\n\n\n\n<ul class=\"wp-block-list\">\n<li><strong>Save time and money by having only one phone per employee<\/strong><\/li>\n<\/ul>\n\n\n\n<ul class=\"wp-block-list\">\n<li><strong>Possibility to keep old numbers that customers recognize<\/strong><\/li>\n<\/ul>\n\n\n\n<ul class=\"wp-block-list\">\n<li><strong>Never miss an important call or business opportunity<\/strong><\/li>\n<\/ul>\n\n\n\n<ul class=\"wp-block-list\">\n<li><strong>Streamline your customer service and increase customer satisfaction<\/strong><\/li>\n<\/ul>\n\n\n\n<ul class=\"wp-block-list\">\n<li><strong>Get more time to focus on your core business<\/strong><\/li>\n<\/ul>\n\n\n\n<ul class=\"wp-block-list\">\n<li><strong>Customized telephone exchange solutions for your needs<\/strong><\/li>\n<\/ul>\n\n\n\n<div style=\"height:30px\" aria-hidden=\"true\" class=\"wp-block-spacer\"><\/div>\n\n\n\n<div class=\"wp-block-buttons is-content-justification-center is-layout-flex wp-container-core-buttons-is-layout-16018d1d wp-block-buttons-is-layout-flex\">\n<div class=\"wp-block-button has-custom-width wp-block-button__width-75\"><a class=\"wp-block-button__link has-black-background-color has-background has-small-font-size has-custom-font-size wp-element-button\" href=\"mailto:info@wecall.se\">Contact us!<\/a><\/div>\n<\/div>\n\n\n\n<div style=\"height:40px\" aria-hidden=\"true\" class=\"wp-block-spacer\"><\/div>\n<\/div><\/div>\n\n<div style=\"height:30px\" aria-hidden=\"true\" class=\"wp-block-spacer\"><\/div>\n\n<h3 class=\"wp-block-heading has-text-align-center\"><strong>How Wecall&#8217;s PBX helps businesses grow<\/strong><\/h3>\n\n<p class=\"has-text-align-center\">At Wecall, we&#8217;re experts in customer service and customer care. We know that the switchboard is often the customer&#8217;s first point of contact with your business, and we take that responsibility very seriously. By letting us manage your switchboard, you can improve service, increase customer satisfaction and free up resources for other things.  <\/p>\n\n<ul class=\"wp-block-list\">\n<li><strong>More efficient customer service:<\/strong> With a professional and efficient switchboard, you can improve your customer service and increase your customers&#8217; satisfaction<\/li>\n\n\n\n<li><strong>More time for your core business:<\/strong> by <a href=\"https:\/\/wecall.se\/en\/outsourcing-telephony-2\/\">outsourcing customer services<\/a> to us, you can free up time and resources that you can use to focus on your core business<\/li>\n\n\n\n<li><strong>Customized services:<\/strong> We can tailor our telephone exchange services to your specific needs to ensure your customers always get the service they deserve<\/li>\n<\/ul>\n\n<div style=\"height:20px\" aria-hidden=\"true\" class=\"wp-block-spacer\"><\/div>\n\n<div class=\"wp-block-buttons is-content-justification-center is-layout-flex wp-container-core-buttons-is-layout-16018d1d wp-block-buttons-is-layout-flex\">\n<div class=\"wp-block-button is-style-outline is-style-outline--1\"><a class=\"wp-block-button__link has-white-color has-black-background-color has-text-color has-background has-small-font-size has-custom-font-size wp-element-button\" href=\"mailto:info@wecall.se\">Contact us for more information on mobile telephone exchange!<\/a><\/div>\n\n\n\n<div class=\"wp-block-button is-style-outline is-style-outline--2\"><a class=\"wp-block-button__link has-white-color has-black-background-color has-text-color has-background has-small-font-size has-custom-font-size wp-element-button\" href=\"https:\/\/wecall.se\/en\/services\/sales-2\/\">Also try our visit booking service<\/a><\/div>\n<\/div>\n\n<div style=\"height:40px\" aria-hidden=\"true\" class=\"wp-block-spacer\"><\/div>\n\n<h2 class=\"wp-block-heading has-text-align-center\">Frequently asked questions about telephone exchanges<\/h2>\n\n<h4 class=\"wp-block-heading has-text-align-center\"><strong>What is a telephone exchange?<\/strong><\/h4>\n\n<p class=\"has-text-align-center\">A telephone exchange is a solution that streamlines communication between your customers and your company. It acts as a hub for all calls, ensuring that customers are quickly and smoothly connected to the right person or department. The aim is to improve the customer experience and optimize internal processes. <\/p>\n\n<h4 class=\"wp-block-heading has-text-align-center\"><strong>Why should my company have a mobile switchboard?<\/strong><\/h4>\n\n<p class=\"has-text-align-center\">A mobile switchboard provides greater flexibility and makes it easier to provide good service even when you are not in the office. With Wecall&#8217;s solution, you only need one phone per person, saving both time and money, and you can always be available to your customers no matter where you are. <\/p>\n\n<h4 class=\"wp-block-heading has-text-align-center\"><strong>Can I keep my current phone number?<\/strong><\/h4>\n\n<p class=\"has-text-align-center\">Yes, of course. You can connect both old landline and mobile phone numbers to our service. This allows you to keep the numbers that your customers already recognize and trust.  <\/p>\n\n<h4 class=\"wp-block-heading has-text-align-center\"><strong>How does a Wecall PBX help my business grow?<\/strong><\/h4>\n\n<p class=\"has-text-align-center\">By letting us manage your switchboard, you can significantly improve your customer service, leading to more satisfied customers. It also frees up valuable time and resources that you can invest in your core business. We tailor our services to your specific needs to ensure that your customers always receive the best possible service.  <\/p>\n\n<h4 class=\"wp-block-heading has-text-align-center\"><strong>Why should I choose Wecall?<\/strong><\/h4>\n\n<p class=\"has-text-align-center\">Wecall is one of Sweden&#8217;s leading contact centers with expertise in customer service and professional treatment. We understand that the switchboard is the customer&#8217;s first contact with your company and act accordingly. With our long experience, we are a safe and competent partner for mobile telephone exchange solutions.  <\/p>\n\n<script type=\"application\/ld+json\">{\n  \"@context\": \"https:\/\/schema.org\",\n  \"@type\": \"FAQPage\",\n  \"mainEntity\": [\n    {\n      \"@type\": \"Question\",\n      \"name\": \"Vad \u00e4r en telefonv\u00e4xel?\",\n      \"acceptedAnswer\": {\n        \"@type\": \"Answer\",\n        \"text\": \"En telefonv\u00e4xel \u00e4r en l\u00f6sning som effektiviserar kommunikationen mellan era kunder och f\u00f6retaget. Den fungerar som ett nav f\u00f6r alla samtal och ser till att kunderna snabbt och smidigt kopplas till r\u00e4tt person eller avdelning. M\u00e5let \u00e4r att f\u00f6rb\u00e4ttra kundupplevelsen och optimera interna processer.\"\n      }\n    },\n    {\n      \"@type\": \"Question\",\n      \"name\": \"Varf\u00f6r ska mitt f\u00f6retag ha en mobil telefonv\u00e4xel?\",\n      \"acceptedAnswer\": {\n        \"@type\": \"Answer\",\n        \"text\": \"En mobil telefonv\u00e4xel ger \u00f6kad flexibilitet och g\u00f6r det enklare att ge god service \u00e4ven n\u00e4r ni inte \u00e4r p\u00e5 kontoret. Med Wecalls l\u00f6sning beh\u00f6ver ni bara en telefon per person, vilket sparar b\u00e5de tid och pengar, och ni kan alltid vara tillg\u00e4ngliga f\u00f6r era kunder oavsett var ni befinner er.\"\n      }\n    },\n    {\n      \"@type\": \"Question\",\n      \"name\": \"Kan jag beh\u00e5lla mitt nuvarande telefonnummer?\",\n      \"acceptedAnswer\": {\n        \"@type\": \"Answer\",\n        \"text\": \"Ja, sj\u00e4lvklart. Du kan koppla in b\u00e5de gamla fasta och mobiltelefonnummer till v\u00e5r tj\u00e4nst. Det g\u00f6r att du kan beh\u00e5lla de nummer som dina kunder redan k\u00e4nner igen och litar p\u00e5.\"\n      }\n    },\n    {\n      \"@type\": \"Question\",\n      \"name\": \"Hur hj\u00e4lper en telefonv\u00e4xel fr\u00e5n Wecall mitt f\u00f6retag att v\u00e4xa?\",\n      \"acceptedAnswer\": {\n        \"@type\": \"Answer\",\n        \"text\": \"Genom att l\u00e5ta oss hantera er telefonv\u00e4xel kan ni f\u00f6rb\u00e4ttra er kundservice avsev\u00e4rt, vilket leder till n\u00f6jdare kunder. Det frig\u00f6r ocks\u00e5 v\u00e4rdefull tid och resurser som ni kan investera i er k\u00e4rnverksamhet. Vi anpassar v\u00e5ra tj\u00e4nster efter era specifika behov f\u00f6r att s\u00e4kerst\u00e4lla att era kunder alltid f\u00e5r b\u00e4sta m\u00f6jliga service.\"\n      }\n    },\n    {\n      \"@type\": \"Question\",\n      \"name\": \"Varf\u00f6r ska jag v\u00e4lja just Wecall?\",\n      \"acceptedAnswer\": {\n        \"@type\": \"Answer\",\n        \"text\": \"Wecall \u00e4r ett av Sveriges ledande kontaktcenter med expertis inom kundservice och professionellt bem\u00f6tande. Vi f\u00f6rst\u00e5r att v\u00e4xeln \u00e4r kundens f\u00f6rsta kontakt med ert f\u00f6retag och agerar d\u00e4refter. Med v\u00e5r l\u00e5nga erfarenhet \u00e4r vi en trygg och kompetent partner f\u00f6r mobila telefonv\u00e4xell\u00f6sningar.\"\n      }\n    }\n  ]\n}\n<\/script>\n","protected":false},"excerpt":{"rendered":"<p>How Wecall&#8217;s PBX helps businesses grow At Wecall, we&#8217;re experts in customer service and customer care. We know that the switchboard is often the customer&#8217;s&#8230;<\/p>\n","protected":false},"author":3,"featured_media":0,"parent":0,"menu_order":0,"comment_status":"closed","ping_status":"closed","template":"","meta":{"_acf_changed":false,"footnotes":""},"class_list":["post-3349","page","type-page","status-publish","hentry"],"acf":[],"yoast_head":"<!-- This site is optimized with the Yoast SEO plugin v27.4 - https:\/\/yoast.com\/product\/yoast-seo-wordpress\/ -->\n<title>Telephone switchboard - Never miss an incoming call to your company!<\/title>\n<meta name=\"description\" content=\"Don&#039;t miss any important calls. Try the Telephone Exchange service. \u2713 Flexible telephony services \u2713 For small and large companies \u2713 One of Sweden&#039;s leading call centers.\" \/>\n<meta name=\"robots\" content=\"index, follow, max-snippet:-1, max-image-preview:large, max-video-preview:-1\" \/>\n<link rel=\"canonical\" href=\"https:\/\/wecall.se\/en\/mobile-telephone-exchange\/\" \/>\n<meta property=\"og:locale\" content=\"en_US\" \/>\n<meta property=\"og:type\" content=\"article\" \/>\n<meta property=\"og:title\" content=\"Telephone switchboard - Never miss an incoming call to your company!\" \/>\n<meta property=\"og:description\" content=\"Don&#039;t miss any important calls. Try the Telephone Exchange service. \u2713 Flexible telephony services \u2713 For small and large companies \u2713 One of Sweden&#039;s leading call centers.\" \/>\n<meta property=\"og:url\" content=\"https:\/\/wecall.se\/en\/mobile-telephone-exchange\/\" \/>\n<meta property=\"og:site_name\" content=\"Wecall\" \/>\n<meta property=\"article:publisher\" content=\"https:\/\/www.facebook.com\/wecall.se\" \/>\n<meta property=\"article:modified_time\" content=\"2026-03-27T15:27:40+00:00\" \/>\n<meta property=\"og:image\" content=\"https:\/\/wecall.se\/wp-content\/uploads\/2023\/11\/Harstrom_300623_2011-scaled.jpg\" \/>\n\t<meta property=\"og:image:width\" content=\"2560\" \/>\n\t<meta property=\"og:image:height\" content=\"1780\" \/>\n\t<meta property=\"og:image:type\" content=\"image\/jpeg\" \/>\n<meta name=\"twitter:card\" content=\"summary_large_image\" \/>\n<meta name=\"twitter:label1\" content=\"Est. reading time\" \/>\n\t<meta name=\"twitter:data1\" content=\"3 minutes\" \/>\n<script type=\"application\/ld+json\" class=\"yoast-schema-graph\">{\"@context\":\"https:\\\/\\\/schema.org\",\"@graph\":[{\"@type\":\"WebPage\",\"@id\":\"https:\\\/\\\/wecall.se\\\/en\\\/mobile-telephone-exchange\\\/\",\"url\":\"https:\\\/\\\/wecall.se\\\/en\\\/mobile-telephone-exchange\\\/\",\"name\":\"Telephone switchboard - Never miss an incoming call to your company!\",\"isPartOf\":{\"@id\":\"https:\\\/\\\/wecall.se\\\/en\\\/#website\"},\"primaryImageOfPage\":{\"@id\":\"https:\\\/\\\/wecall.se\\\/en\\\/mobile-telephone-exchange\\\/#primaryimage\"},\"image\":{\"@id\":\"https:\\\/\\\/wecall.se\\\/en\\\/mobile-telephone-exchange\\\/#primaryimage\"},\"thumbnailUrl\":\"https:\\\/\\\/wecall.se\\\/wp-content\\\/uploads\\\/2023\\\/11\\\/Harstrom_300623_2011-700x487.jpg\",\"datePublished\":\"2022-03-04T14:25:59+00:00\",\"dateModified\":\"2026-03-27T15:27:40+00:00\",\"description\":\"Don't miss any important calls. Try the Telephone Exchange service. \u2713 Flexible telephony services \u2713 For small and large companies \u2713 One of Sweden's leading call centers.\",\"inLanguage\":\"en-US\",\"potentialAction\":[{\"@type\":\"ReadAction\",\"target\":[\"https:\\\/\\\/wecall.se\\\/en\\\/mobile-telephone-exchange\\\/\"]}]},{\"@type\":\"ImageObject\",\"inLanguage\":\"en-US\",\"@id\":\"https:\\\/\\\/wecall.se\\\/en\\\/mobile-telephone-exchange\\\/#primaryimage\",\"url\":\"https:\\\/\\\/wecall.se\\\/wp-content\\\/uploads\\\/2023\\\/11\\\/Harstrom_300623_2011-700x487.jpg\",\"contentUrl\":\"https:\\\/\\\/wecall.se\\\/wp-content\\\/uploads\\\/2023\\\/11\\\/Harstrom_300623_2011-700x487.jpg\"},{\"@type\":\"WebSite\",\"@id\":\"https:\\\/\\\/wecall.se\\\/en\\\/#website\",\"url\":\"https:\\\/\\\/wecall.se\\\/en\\\/\",\"name\":\"Wecall\",\"description\":\"Kundtj\u00e4nst, Telefonpassning &amp; Telefonservice.\",\"potentialAction\":[{\"@type\":\"SearchAction\",\"target\":{\"@type\":\"EntryPoint\",\"urlTemplate\":\"https:\\\/\\\/wecall.se\\\/en\\\/?s={search_term_string}\"},\"query-input\":{\"@type\":\"PropertyValueSpecification\",\"valueRequired\":true,\"valueName\":\"search_term_string\"}}],\"inLanguage\":\"en-US\"}]}<\/script>\n<!-- \/ Yoast SEO plugin. -->","yoast_head_json":{"title":"Telephone switchboard - Never miss an incoming call to your company!","description":"Don't miss any important calls. Try the Telephone Exchange service. \u2713 Flexible telephony services \u2713 For small and large companies \u2713 One of Sweden's leading call centers.","robots":{"index":"index","follow":"follow","max-snippet":"max-snippet:-1","max-image-preview":"max-image-preview:large","max-video-preview":"max-video-preview:-1"},"canonical":"https:\/\/wecall.se\/en\/mobile-telephone-exchange\/","og_locale":"en_US","og_type":"article","og_title":"Telephone switchboard - Never miss an incoming call to your company!","og_description":"Don't miss any important calls. Try the Telephone Exchange service. \u2713 Flexible telephony services \u2713 For small and large companies \u2713 One of Sweden's leading call centers.","og_url":"https:\/\/wecall.se\/en\/mobile-telephone-exchange\/","og_site_name":"Wecall","article_publisher":"https:\/\/www.facebook.com\/wecall.se","article_modified_time":"2026-03-27T15:27:40+00:00","og_image":[{"width":2560,"height":1780,"url":"https:\/\/wecall.se\/wp-content\/uploads\/2023\/11\/Harstrom_300623_2011-scaled.jpg","type":"image\/jpeg"}],"twitter_card":"summary_large_image","twitter_misc":{"Est. reading time":"3 minutes"},"schema":{"@context":"https:\/\/schema.org","@graph":[{"@type":"WebPage","@id":"https:\/\/wecall.se\/en\/mobile-telephone-exchange\/","url":"https:\/\/wecall.se\/en\/mobile-telephone-exchange\/","name":"Telephone switchboard - Never miss an incoming call to your company!","isPartOf":{"@id":"https:\/\/wecall.se\/en\/#website"},"primaryImageOfPage":{"@id":"https:\/\/wecall.se\/en\/mobile-telephone-exchange\/#primaryimage"},"image":{"@id":"https:\/\/wecall.se\/en\/mobile-telephone-exchange\/#primaryimage"},"thumbnailUrl":"https:\/\/wecall.se\/wp-content\/uploads\/2023\/11\/Harstrom_300623_2011-700x487.jpg","datePublished":"2022-03-04T14:25:59+00:00","dateModified":"2026-03-27T15:27:40+00:00","description":"Don't miss any important calls. Try the Telephone Exchange service. \u2713 Flexible telephony services \u2713 For small and large companies \u2713 One of Sweden's leading call centers.","inLanguage":"en-US","potentialAction":[{"@type":"ReadAction","target":["https:\/\/wecall.se\/en\/mobile-telephone-exchange\/"]}]},{"@type":"ImageObject","inLanguage":"en-US","@id":"https:\/\/wecall.se\/en\/mobile-telephone-exchange\/#primaryimage","url":"https:\/\/wecall.se\/wp-content\/uploads\/2023\/11\/Harstrom_300623_2011-700x487.jpg","contentUrl":"https:\/\/wecall.se\/wp-content\/uploads\/2023\/11\/Harstrom_300623_2011-700x487.jpg"},{"@type":"WebSite","@id":"https:\/\/wecall.se\/en\/#website","url":"https:\/\/wecall.se\/en\/","name":"Wecall","description":"Kundtj\u00e4nst, Telefonpassning &amp; Telefonservice.","potentialAction":[{"@type":"SearchAction","target":{"@type":"EntryPoint","urlTemplate":"https:\/\/wecall.se\/en\/?s={search_term_string}"},"query-input":{"@type":"PropertyValueSpecification","valueRequired":true,"valueName":"search_term_string"}}],"inLanguage":"en-US"}]}},"_links":{"self":[{"href":"https:\/\/wecall.se\/en\/wp-json\/wp\/v2\/pages\/3349","targetHints":{"allow":["GET"]}}],"collection":[{"href":"https:\/\/wecall.se\/en\/wp-json\/wp\/v2\/pages"}],"about":[{"href":"https:\/\/wecall.se\/en\/wp-json\/wp\/v2\/types\/page"}],"author":[{"embeddable":true,"href":"https:\/\/wecall.se\/en\/wp-json\/wp\/v2\/users\/3"}],"replies":[{"embeddable":true,"href":"https:\/\/wecall.se\/en\/wp-json\/wp\/v2\/comments?post=3349"}],"version-history":[{"count":17,"href":"https:\/\/wecall.se\/en\/wp-json\/wp\/v2\/pages\/3349\/revisions"}],"predecessor-version":[{"id":3970,"href":"https:\/\/wecall.se\/en\/wp-json\/wp\/v2\/pages\/3349\/revisions\/3970"}],"wp:attachment":[{"href":"https:\/\/wecall.se\/en\/wp-json\/wp\/v2\/media?parent=3349"}],"curies":[{"name":"wp","href":"https:\/\/api.w.org\/{rel}","templated":true}]}}