{"id":3353,"date":"2022-02-15T10:06:29","date_gmt":"2022-02-15T09:06:29","guid":{"rendered":"https:\/\/wecall.se\/car-company\/"},"modified":"2024-04-15T14:02:11","modified_gmt":"2024-04-15T12:02:11","slug":"car-company","status":"publish","type":"page","link":"https:\/\/wecall.se\/en\/car-company\/","title":{"rendered":"Car company"},"content":{"rendered":"<section class=\"sidrubrik-section\" data-aos=\"fade-in\" data-aos-duration=\"1000\">\n    <p><\/p>\n<\/section><section class=\"sidrubrik-section\" data-aos=\"fade-in\" data-aos-duration=\"1000\">\n    <p><p style=\"text-align: center;\"><em>CAR COMPANY<\/em><\/p>\n<h1 style=\"text-align: center;\">Customers get <strong>faster<\/strong> answers today with the help of Wecall<\/h1>\n<p>&nbsp;<\/p>\n<p style=\"text-align: center;\"><em><br \/>\n  <strong>With between 500-1000 calls per day, unevenly distributed throughout the week, it was difficult for <\/strong><br \/>\n<\/em><em><br \/>\n  <strong>for Bilbolaget&#8217;s own switchboard to avoid long queues and irritated customers.<\/strong><br \/>\n<\/em><\/p>\n<p>&nbsp;<\/p>\n<p>&#8211; The biggest difference is that customers get faster answers today, but also that our costs have decreased,&#8221; says Ulf Zetterstr\u00f6m, CEO of Bilbolaget.<br \/>\nThe car company has four in-house switchboard operators, but since there are often large peaks at the beginning of the week, it was difficult for them to keep up. Now the call is transferred to Wecall&#8217;s operators when the operators at Bilbolaget are busy.<\/p>\n<p>&nbsp;<\/p>\n<p>Under the agreement with Wecall, Wecall&#8217;s operators act as a backup and Bilbolaget only pays for the calls that Wecall actually answers.<\/p>\n<p>&nbsp;<\/p>\n<p>&#8211; Since we have been able to reduce personnel costs, this solution has also made it more profitable,&#8221; says Ulf Zetterstr\u00f6m.<\/p>\n<p>&nbsp;<\/p>\n<p>The cooperation with Wecall also provides a great deal of security when our own telephone operators are sick, on maternity leave or on vacation.<\/p>\n<\/p>\n<\/section>\n<blockquote class=\"wp-block-quote is-layout-flow wp-block-quote-is-layout-flow\"><p>As we have been able to reduce staff costs, this solution has made it more profitable.<\/p><\/blockquote>\n<section class=\"sidrubrik-section\" data-aos=\"fade-in\" data-aos-duration=\"1000\">\n    <p><p>The car company has about 550 extensions and is located in several places in Medelpad, H\u00e4lsingland, G\u00e4strikland and in Norrt\u00e4lje. It is a large and complex organization. In order to connect customers correctly, Wecall&#8217;s operators need to understand Bilbolaget&#8217;s business and ask follow-up questions.<\/p>\n<p>&nbsp;<\/p>\n<p>&#8211; It has taken time to learn our structure and there were some challenges in the beginning but now it works well, says Ulf Zetterstr\u00f6m.<\/p>\n<\/p>\n<\/section><section class=\"luft-l mb-l\" id=\"luft-block_620b77754ff5b\"><\/section>\n<section class=\"split-msg delat-meddelande force-full bg-beige\" id=\"delat-meddelande-block_620b76b64ff55\" data-aos=\"fade-in\" data-aos-duration=\"1000\">\n    <div class=\"container-medium\">\n        <div class=\"col-holder\">\n            <div class=\"col-split-small mr-xs\">\n                <h2>Car company<\/h2>\n            <\/div>\n            <div class=\"col-split-half line-height-30 fw-lightest\">\n                <p>Dealer of Volvo, Ford and Renault. Also Toyota in Sundsvall. The car company is a one-stop shop for car ownership with, for example, authorized workshops for Volvo, Ford, Renault and Dacia and shops for spare parts. They also offer car rental, service contracts and private leasing.<\/p>\n            <\/div>\n        <\/div>\n    <\/div>\n<\/section>","protected":false},"excerpt":{"rendered":"<p>As we have been able to reduce staff costs, this solution has made it more profitable.<\/p>\n","protected":false},"author":1,"featured_media":0,"parent":0,"menu_order":0,"comment_status":"closed","ping_status":"closed","template":"","meta":{"_acf_changed":false,"footnotes":""},"class_list":["post-3353","page","type-page","status-publish","hentry"],"acf":[],"yoast_head":"<!-- This site is optimized with the Yoast SEO plugin v27.3 - https:\/\/yoast.com\/product\/yoast-seo-wordpress\/ -->\n<title>Car company - Wecall<\/title>\n<meta name=\"robots\" content=\"index, follow, max-snippet:-1, max-image-preview:large, max-video-preview:-1\" \/>\n<link rel=\"canonical\" href=\"https:\/\/wecall.se\/en\/car-company\/\" \/>\n<meta property=\"og:locale\" content=\"en_US\" \/>\n<meta property=\"og:type\" content=\"article\" \/>\n<meta property=\"og:title\" content=\"Car company - Wecall\" \/>\n<meta property=\"og:description\" content=\"As we have been able to reduce staff costs, this solution has made it more profitable.\" \/>\n<meta property=\"og:url\" content=\"https:\/\/wecall.se\/en\/car-company\/\" \/>\n<meta property=\"og:site_name\" content=\"Wecall\" \/>\n<meta property=\"article:publisher\" content=\"https:\/\/www.facebook.com\/wecall.se\" \/>\n<meta property=\"article:modified_time\" content=\"2024-04-15T12:02:11+00:00\" \/>\n<meta name=\"twitter:card\" content=\"summary_large_image\" \/>\n<script type=\"application\/ld+json\" class=\"yoast-schema-graph\">{\"@context\":\"https:\\\/\\\/schema.org\",\"@graph\":[{\"@type\":\"WebPage\",\"@id\":\"https:\\\/\\\/wecall.se\\\/en\\\/car-company\\\/\",\"url\":\"https:\\\/\\\/wecall.se\\\/en\\\/car-company\\\/\",\"name\":\"Car company - Wecall\",\"isPartOf\":{\"@id\":\"https:\\\/\\\/wecall.se\\\/en\\\/#website\"},\"datePublished\":\"2022-02-15T09:06:29+00:00\",\"dateModified\":\"2024-04-15T12:02:11+00:00\",\"inLanguage\":\"en-US\",\"potentialAction\":[{\"@type\":\"ReadAction\",\"target\":[\"https:\\\/\\\/wecall.se\\\/en\\\/car-company\\\/\"]}]},{\"@type\":\"WebSite\",\"@id\":\"https:\\\/\\\/wecall.se\\\/en\\\/#website\",\"url\":\"https:\\\/\\\/wecall.se\\\/en\\\/\",\"name\":\"Wecall\",\"description\":\"Kundtj\u00e4nst, Telefonpassning &amp; Telefonservice.\",\"potentialAction\":[{\"@type\":\"SearchAction\",\"target\":{\"@type\":\"EntryPoint\",\"urlTemplate\":\"https:\\\/\\\/wecall.se\\\/en\\\/?s={search_term_string}\"},\"query-input\":{\"@type\":\"PropertyValueSpecification\",\"valueRequired\":true,\"valueName\":\"search_term_string\"}}],\"inLanguage\":\"en-US\"}]}<\/script>\n<!-- \/ Yoast SEO plugin. -->","yoast_head_json":{"title":"Car company - Wecall","robots":{"index":"index","follow":"follow","max-snippet":"max-snippet:-1","max-image-preview":"max-image-preview:large","max-video-preview":"max-video-preview:-1"},"canonical":"https:\/\/wecall.se\/en\/car-company\/","og_locale":"en_US","og_type":"article","og_title":"Car company - Wecall","og_description":"As we have been able to reduce staff costs, this solution has made it more profitable.","og_url":"https:\/\/wecall.se\/en\/car-company\/","og_site_name":"Wecall","article_publisher":"https:\/\/www.facebook.com\/wecall.se","article_modified_time":"2024-04-15T12:02:11+00:00","twitter_card":"summary_large_image","schema":{"@context":"https:\/\/schema.org","@graph":[{"@type":"WebPage","@id":"https:\/\/wecall.se\/en\/car-company\/","url":"https:\/\/wecall.se\/en\/car-company\/","name":"Car company - Wecall","isPartOf":{"@id":"https:\/\/wecall.se\/en\/#website"},"datePublished":"2022-02-15T09:06:29+00:00","dateModified":"2024-04-15T12:02:11+00:00","inLanguage":"en-US","potentialAction":[{"@type":"ReadAction","target":["https:\/\/wecall.se\/en\/car-company\/"]}]},{"@type":"WebSite","@id":"https:\/\/wecall.se\/en\/#website","url":"https:\/\/wecall.se\/en\/","name":"Wecall","description":"Kundtj\u00e4nst, Telefonpassning &amp; Telefonservice.","potentialAction":[{"@type":"SearchAction","target":{"@type":"EntryPoint","urlTemplate":"https:\/\/wecall.se\/en\/?s={search_term_string}"},"query-input":{"@type":"PropertyValueSpecification","valueRequired":true,"valueName":"search_term_string"}}],"inLanguage":"en-US"}]}},"_links":{"self":[{"href":"https:\/\/wecall.se\/en\/wp-json\/wp\/v2\/pages\/3353","targetHints":{"allow":["GET"]}}],"collection":[{"href":"https:\/\/wecall.se\/en\/wp-json\/wp\/v2\/pages"}],"about":[{"href":"https:\/\/wecall.se\/en\/wp-json\/wp\/v2\/types\/page"}],"author":[{"embeddable":true,"href":"https:\/\/wecall.se\/en\/wp-json\/wp\/v2\/users\/1"}],"replies":[{"embeddable":true,"href":"https:\/\/wecall.se\/en\/wp-json\/wp\/v2\/comments?post=3353"}],"version-history":[{"count":2,"href":"https:\/\/wecall.se\/en\/wp-json\/wp\/v2\/pages\/3353\/revisions"}],"predecessor-version":[{"id":3367,"href":"https:\/\/wecall.se\/en\/wp-json\/wp\/v2\/pages\/3353\/revisions\/3367"}],"wp:attachment":[{"href":"https:\/\/wecall.se\/en\/wp-json\/wp\/v2\/media?parent=3353"}],"curies":[{"name":"wp","href":"https:\/\/api.w.org\/{rel}","templated":true}]}}