{"id":3448,"date":"2021-07-07T13:47:03","date_gmt":"2021-07-07T11:47:03","guid":{"rendered":"https:\/\/wecall.se\/sales\/"},"modified":"2026-04-16T10:52:55","modified_gmt":"2026-04-16T08:52:55","slug":"sales","status":"publish","type":"page","link":"https:\/\/wecall.se\/en\/services\/sales\/","title":{"rendered":"Sales"},"content":{"rendered":"<section class=\"force-full\" id=\"hero-block_10e904ca7b4a7f372b5cd043ac90dd1f\" data-aos=\"fade-in\" data-aos-duration=\"1000\">\n    <div class=\"aloq-container\">\n        <div class=\"aloq-hero\" data-aos=\"fade-in\" data-aos-duration=\"1000\">\n            <div class=\"image-section\" style=\"background-image: url('https:\/\/wecall.se\/wp-content\/uploads\/2023\/11\/Harstrom_300623_2011-700x487.jpg')\">\n                <img decoding=\"async\" src=\"https:\/\/wecall.se\/wp-content\/uploads\/2023\/11\/Harstrom_300623_2011-700x487.jpg\" alt=\"\"\n                     width=\"700\"\n                     height=\"487\" loading=\"lazy\"\/>\n            <\/div>\n            <div class=\"text-section\">\n                <h1>Sales<\/h1>\n                <p>At Wecall, we are passionate about sales and have the expertise to reach the right person, ask the right questions and close the deal. Let us help you with visitor booking, market research and B2B sales.<\/p><div class=\"ctas\"><a class=\"btn\" href=\"https:\/\/wecall.se\/en\/contact-us\/\" >Contact us<\/a><\/div>            <\/div>\n        <\/div>\n    <\/div>\n<\/section>\n\n<section class=\"sidrubrik-section\" data-aos=\"fade-in\" data-aos-duration=\"1000\">\n    <p><h3 style=\"text-align: center;\"><strong>Increase your business opportunities with Wecall<\/strong><\/h3>\n<p>&nbsp;<\/p>\n<p style=\"text-align: center;\">We know how to get to the right person, ask the right questions and get closure. Let us help you with visitor booking, market research and direct sales. Our experience and expertise in these areas make us your natural partner when you need to optimize your business strategy.<\/p>\n<p>&nbsp;<\/p>\n<p style=\"text-align: center;\">With our help, you can ensure you reach the right audiences, gather valuable information about your market and increase your sales effectiveness. We are here to help you maximize your business opportunities and create long-term success.<\/p>\n<p>&nbsp;<\/p>\n<p>&nbsp;<\/p>\n<h4 style=\"text-align: center;\"><b>Booking of visits<\/b><\/h4>\n<p style=\"text-align: center;\">We provide your sales reps with the desired number of visits per week and monitor the prospects who want further contact. This way you can spend more time on the most interesting leads and work more on quotes and closings. <a href=\"https:\/\/wecall.se\/en\/services\/sales-2\/\">Booking visits<\/a> is a smart way to speed up both sales work and business.<\/p>\n<h4 style=\"text-align: center;\"><b>Market research<\/b><\/h4>\n<p style=\"text-align: center;\">Do you want to reach a selected target group and know what they think? We are a neutral but knowledgeable partner, which provides the best conditions for honest and relevant answers. You will learn about your market, what customers think of your products or services, what their needs are and how they want you to meet them with <a href=\"https:\/\/wecall.se\/en\/market-research\/\">market research<\/a>. We offer surveys via telephone interviews and can quickly collect large volumes of information. The advantage of telephone interviews over other types of survey methods is the high response rate, the possibility of nuanced questions and greater flexibility.<\/p>\n<h4 style=\"text-align: center;\"><b>B2B Sales<\/b><\/h4>\n<p style=\"text-align: center;\">Direct selling by phone continues to be a powerful and growing tool in telemarketing, especially when it comes to reaching out to other businesses. We have chosen to specialize and work exclusively with B2B sales. This focus allows us to understand the unique challenges and opportunities that exist when businesses sell to other businesses.  <\/p>\n<p>&nbsp;<\/p>\n<p style=\"text-align: center;\">\nOur mission is to professionally present your offer in a way that attracts interest and creates value for your potential customers. Through qualified and relationship-building conversations, we not only build initial trust, but also work long-term to establish strong customer relationships and promote repeat business. <\/p>\n<p>&nbsp;<\/p>\n<p style=\"text-align: center;\">A successful B2B sales process over the phone often requires more than a single call. We build the relationship step by step, understanding the customer&#8217;s needs and presenting the solution over several interactions. It is common for the deal to be closed during the second or third call, after we have established a solid foundation of understanding and trust.  <\/p>\n<p>&nbsp;<\/p>\n<p style=\"text-align: center;\">We work a lot with ongoing sales and customer care. The better we get to know your products and services, the better we can maximize the outcome by thoroughly approaching the market.<\/p>\n<p>&nbsp;<\/p>\n<p style=\"text-align: center;\">Expect a friendly welcome. Always. Our salespeople also take time for those who choose not to use the product or service you have to offer. They know that sales often take time and have high expectations of themselves to always convey a positive and professional image of the company they represent.<\/p>\n<\/p>\n<\/section><script type=\"application\/ld+json\">\n{\n\"@context\": \"https:\/\/schema.org\",\n      \"@type\": \"FAQPage\",\n      \"mainEntity\": [{\"@type\":\"Question\",\"name\":\"What is the benefit of using Wecall's services for sales?\",\"acceptedAnswer\":{\"@type\":\"Answer\",\"text\":\"By using Wecall's sales services, you can benefit from our passionate team and experience. We can help you reach the right customers, ask relevant questions and increase sales effectively.\"}},{\"@type\":\"Question\",\"name\":\"How does the visitor booking service work?\",\"acceptedAnswer\":{\"@type\":\"Answer\",\"text\":\"Our appointment booking service ensures that your sales reps get the desired number of meetings with potential customers each week. We also monitor prospects interested in future contacts, helping you focus on business-critical opportunities.\"}},{\"@type\":\"Question\",\"name\":\"What can I expect from your market research?\",\"acceptedAnswer\":{\"@type\":\"Answer\",\"text\":\"Our market research gives you in-depth insights into your target audience and their opinions. We conduct thorough telephone interviews to gather valuable information about your market, products and customer needs.\"}},{\"@type\":\"Question\",\"name\":\"What is the difference between B2B sales and other sales methods?\",\"acceptedAnswer\":{\"@type\":\"Answer\",\"text\":\"B2B sales focus on selling products or services to other businesses. It requires a specific strategy and the ability to build trust and long-term relationships with business customers.\"}},{\"@type\":\"Question\",\"name\":\"What is B2B sales?\",\"acceptedAnswer\":{\"@type\":\"Answer\",\"text\":\"B2B (Business-to-Business) sales means that a company sells its products or services directly to other companies, instead of to private individuals (which is B2C). It involves building business relationships between organizations, which often requires a customized and relationship-building sales process. <br \\\/>\\r\\n<br \\\/>\\r\\nWecall specializes in just that in telemarketing. We help your company with B2B sales by: <br \\\/>\\r\\n<br \\\/>\\r\\nContact potential business customers by phone.<br \\\/>\\r\\nProfessionally present your offer and build trust.<br \\\/>\\r\\nDrive the sales dialog towards a concrete conclusion, often over several calls.<br \\\/>\\r\\n<br \\\/>\\r\\nIn short, we act as your expert partner in creating business-to-business deals over the phone.\"}}      ]\n}\n<\/script>\n<section class=\"force-full\" id=\"faq-block_5f3cdf699514a19b4d9ebf97a3c03665\" data-aos=\"fade-in\" data-aos-duration=\"1000\">\n    <div class=\"aloq-container\">\n        <div class=\"aloq-faq\" data-aos=\"fade-in\" data-aos-duration=\"1000\">\n\n            <h1>Frequently asked questions about Sales<\/h1><div class=\"faq-list\"><div class=\"faq-item\">\n<h2>What is the benefit of using Wecall&#8217;s services for sales?<\/h2>\n<div>\n<p>By using Wecall&#8217;s sales services, you can benefit from our passionate team and experience. We can help you reach the right customers, ask relevant questions and increase sales effectively.<\/p>\n<\/div>\n<\/div><div class=\"faq-item\">\n<h2>How does the visitor booking service work?<\/h2>\n<div>\n<p>Our appointment booking service ensures that your sales reps get the desired number of meetings with potential customers each week. We also monitor prospects interested in future contacts, helping you focus on business-critical opportunities.<\/p>\n<\/div>\n<\/div><div class=\"faq-item\">\n<h2>What can I expect from your market research?<\/h2>\n<div>\n<p>Our market research gives you in-depth insights into your target audience and their opinions. We conduct thorough telephone interviews to gather valuable information about your market, products and customer needs.<\/p>\n<\/div>\n<\/div><div class=\"faq-item\">\n<h2>What is the difference between B2B sales and other sales methods?<\/h2>\n<div>\n<p>B2B sales focus on selling products or services to other businesses. It requires a specific strategy and the ability to build trust and long-term relationships with business customers.<\/p>\n<\/div>\n<\/div><div class=\"faq-item\">\n<h2>What is B2B sales?<\/h2>\n<div>\n<p>B2B (Business-to-Business) sales means that a company sells its products or services directly to other companies, instead of to private individuals (which is B2C). It involves building business relationships between organizations, which often requires a customized and relationship-building sales process. <br \/>\r\n<br \/>\r\nWecall specializes in just that in telemarketing. We help your company with B2B sales by: <br \/>\r\n<br \/>\r\nContact potential business customers by phone.<br \/>\r\nProfessionally present your offer and build trust.<br \/>\r\nDrive the sales dialog towards a concrete conclusion, often over several calls.<br \/>\r\n<br \/>\r\nIn short, we act as your expert partner in creating business-to-business deals over the phone.<\/p>\n<\/div>\n<\/div><\/div>        <\/div>\n    <\/div>\n<\/section>\n\n\n<script type=\"application\/ld+json\">{\n  \"@context\": \"https:\/\/schema.org\",\n  \"@graph\": [\n    {\n      \"@type\": \"Service\",\n      \"name\": \"F\u00f6rs\u00e4ljning B2B\",\n      \"description\": \"Professionell B2B-f\u00f6rs\u00e4ljning, bes\u00f6ksbokning och marknadsunders\u00f6kningar via telefon. Vi n\u00e5r r\u00e4tt person och st\u00e4ller r\u00e4tt fr\u00e5gor.\",\n      \"provider\": {\n        \"@type\": \"Organization\",\n        \"name\": \"Wecall\",\n        \"url\": \"https:\/\/wecall.se\"\n      },\n      \"serviceType\": \"Telemarketing B2B\",\n      \"areaServed\": {\n        \"@type\": \"Country\",\n        \"name\": \"SE\"\n      },\n      \"availableChannel\": {\n        \"@type\": \"ServiceChannel\",\n        \"serviceUrl\": \"https:\/\/wecall.se\/tjanster\/forsaljning\/\",\n        \"servicePhone\": {\n          \"@type\": \"ContactPoint\",\n          \"telephone\": \"+46607890100\"\n        }\n      }\n    },\n    {\n      \"@type\": \"FAQPage\",\n      \"mainEntity\": [\n        {\n          \"@type\": \"Question\",\n          \"name\": \"Vad \u00e4r f\u00f6rdelen med att anv\u00e4nda Wecalls tj\u00e4nster f\u00f6r f\u00f6rs\u00e4ljning?\",\n          \"acceptedAnswer\": {\n            \"@type\": \"Answer\",\n            \"text\": \"Genom att anv\u00e4nda Wecalls tj\u00e4nster f\u00f6r f\u00f6rs\u00e4ljning kan du dra nytta av v\u00e5rt passionerade team och v\u00e5r erfarenhet. Vi kan hj\u00e4lpa dig att n\u00e5 r\u00e4tt kunder, st\u00e4lla relevanta fr\u00e5gor och \u00f6ka f\u00f6rs\u00e4ljningen effektivt.\"\n          }\n        },\n        {\n          \"@type\": \"Question\",\n          \"name\": \"Hur fungerar bes\u00f6ksbokningstj\u00e4nst?\",\n          \"acceptedAnswer\": {\n            \"@type\": \"Answer\",\n            \"text\": \"V\u00e5r bes\u00f6ksbokningstj\u00e4nst ser till att dina s\u00e4ljare f\u00e5r det \u00f6nskade antalet m\u00f6ten med potentiella kunder varje vecka. Vi bevakar ocks\u00e5 prospekten som \u00e4r intresserade av framtida kontakter, vilket hj\u00e4lper dig att fokusera p\u00e5 aff\u00e4rskritiska m\u00f6jligheter.\"\n          }\n        },\n        {\n          \"@type\": \"Question\",\n          \"name\": \"Vad kan jag f\u00f6rv\u00e4nta mig av era marknadsunders\u00f6kningar?\",\n          \"acceptedAnswer\": {\n            \"@type\": \"Answer\",\n            \"text\": \"V\u00e5ra marknadsunders\u00f6kningar ger dig djupg\u00e5ende insikter om din m\u00e5lgrupp och deras \u00e5sikter. Vi utf\u00f6r noggranna telefonintervjuer f\u00f6r att samla in v\u00e4rdefull information om din marknad, produkter och kundbehov.\"\n          }\n        },\n        {\n          \"@type\": \"Question\",\n          \"name\": \"Vad \u00e4r skillnaden mellan B2B-f\u00f6rs\u00e4ljning och andra f\u00f6rs\u00e4ljningsmetoder?\",\n          \"acceptedAnswer\": {\n            \"@type\": \"Answer\",\n            \"text\": \"B2B-f\u00f6rs\u00e4ljning fokuserar p\u00e5 att s\u00e4lja produkter eller tj\u00e4nster till andra f\u00f6retag. Det kr\u00e4ver en specifik strategi och f\u00f6rm\u00e5ga att bygga f\u00f6rtroende och l\u00e5ngsiktiga relationer med f\u00f6retagskunder.\"\n          }\n        },\n        {\n          \"@type\": \"Question\",\n          \"name\": \"Vad \u00e4r B2B-f\u00f6rs\u00e4ljning?\",\n          \"acceptedAnswer\": {\n            \"@type\": \"Answer\",\n            \"text\": \"B2B (Business-to-Business) f\u00f6rs\u00e4ljning inneb\u00e4r att ett f\u00f6retag s\u00e4ljer sina produkter eller tj\u00e4nster direkt till andra f\u00f6retag, ist\u00e4llet f\u00f6r till privatpersoner. Det handlar om att bygga aff\u00e4rsrelationer mellan organisationer via en anpassad och relationsbyggande s\u00e4ljprocess.\"\n          }\n        }\n      ]\n    }\n  ]\n}\n<\/script>\n<section class=\"sidrubrik-section\" data-aos=\"fade-in\" data-aos-duration=\"1000\">\n    <p><h2><strong>Request a quote!<\/strong><\/h2>\n<\/p>\n<\/section>\n<pre class=\"wp-block-code\"><code><div data-tf-widget=\"M0pLXFdv\" data-tf-opacity=\"100\" data-tf-iframe-props=\"title=F\u00f6rs\u00e4ljning\" data-tf-transitive-search-params=\"\" data-tf-medium=\"snippet\" style=\"width:100%;height:500px;\"><\/div><script src=\"\/\/embed.typeform.com\/next\/embed.js\"><\/script><\/code><\/pre>\n","protected":false},"excerpt":{"rendered":"","protected":false},"author":1,"featured_media":0,"parent":3532,"menu_order":0,"comment_status":"closed","ping_status":"closed","template":"","meta":{"_acf_changed":false,"footnotes":""},"class_list":["post-3448","page","type-page","status-publish","hentry"],"acf":[],"yoast_head":"<!-- This site is optimized with the Yoast SEO plugin v27.4 - https:\/\/yoast.com\/product\/yoast-seo-wordpress\/ -->\n<title>Sales - We help you with B2B Sales | Wecall<\/title>\n<meta name=\"description\" content=\"Does your business need help with sales? Contact Wecall! \u2713 Flexible Telephony Services \u2713 For Small &amp; Large Businesses \u2713 A dedicated call center.\" \/>\n<meta name=\"robots\" content=\"index, follow, max-snippet:-1, max-image-preview:large, max-video-preview:-1\" \/>\n<link rel=\"canonical\" href=\"https:\/\/wecall.se\/en\/services\/sales\/\" \/>\n<meta property=\"og:locale\" content=\"en_US\" \/>\n<meta property=\"og:type\" content=\"article\" \/>\n<meta property=\"og:title\" content=\"Sales - We help you with B2B Sales | Wecall\" \/>\n<meta property=\"og:description\" content=\"Does your business need help with sales? Contact Wecall! \u2713 Flexible Telephony Services \u2713 For Small &amp; Large Businesses \u2713 A dedicated call center.\" \/>\n<meta property=\"og:url\" content=\"https:\/\/wecall.se\/en\/services\/sales\/\" \/>\n<meta property=\"og:site_name\" content=\"Wecall\" \/>\n<meta property=\"article:publisher\" content=\"https:\/\/www.facebook.com\/wecall.se\" \/>\n<meta property=\"article:modified_time\" content=\"2026-04-16T08:52:55+00:00\" \/>\n<meta name=\"twitter:card\" content=\"summary_large_image\" \/>\n<script type=\"application\/ld+json\" class=\"yoast-schema-graph\">{\"@context\":\"https:\\\/\\\/schema.org\",\"@graph\":[{\"@type\":\"WebPage\",\"@id\":\"https:\\\/\\\/wecall.se\\\/en\\\/services\\\/sales\\\/\",\"url\":\"https:\\\/\\\/wecall.se\\\/en\\\/services\\\/sales\\\/\",\"name\":\"Sales - We help you with B2B Sales | Wecall\",\"isPartOf\":{\"@id\":\"https:\\\/\\\/wecall.se\\\/en\\\/#website\"},\"datePublished\":\"2021-07-07T11:47:03+00:00\",\"dateModified\":\"2026-04-16T08:52:55+00:00\",\"description\":\"Does your business need help with sales? Contact Wecall! \u2713 Flexible Telephony Services \u2713 For Small & Large Businesses \u2713 A dedicated call center.\",\"breadcrumb\":{\"@id\":\"https:\\\/\\\/wecall.se\\\/en\\\/services\\\/sales\\\/#breadcrumb\"},\"inLanguage\":\"en-US\",\"potentialAction\":[{\"@type\":\"ReadAction\",\"target\":[\"https:\\\/\\\/wecall.se\\\/en\\\/services\\\/sales\\\/\"]}]},{\"@type\":\"BreadcrumbList\",\"@id\":\"https:\\\/\\\/wecall.se\\\/en\\\/services\\\/sales\\\/#breadcrumb\",\"itemListElement\":[{\"@type\":\"ListItem\",\"position\":1,\"name\":\"Services\",\"item\":\"https:\\\/\\\/wecall.se\\\/en\\\/services\\\/\"},{\"@type\":\"ListItem\",\"position\":2,\"name\":\"Sales\"}]},{\"@type\":\"WebSite\",\"@id\":\"https:\\\/\\\/wecall.se\\\/en\\\/#website\",\"url\":\"https:\\\/\\\/wecall.se\\\/en\\\/\",\"name\":\"Wecall\",\"description\":\"Kundtj\u00e4nst, Telefonpassning &amp; Telefonservice.\",\"potentialAction\":[{\"@type\":\"SearchAction\",\"target\":{\"@type\":\"EntryPoint\",\"urlTemplate\":\"https:\\\/\\\/wecall.se\\\/en\\\/?s={search_term_string}\"},\"query-input\":{\"@type\":\"PropertyValueSpecification\",\"valueRequired\":true,\"valueName\":\"search_term_string\"}}],\"inLanguage\":\"en-US\"}]}<\/script>\n<!-- \/ Yoast SEO plugin. -->","yoast_head_json":{"title":"Sales - We help you with B2B Sales | Wecall","description":"Does your business need help with sales? Contact Wecall! \u2713 Flexible Telephony Services \u2713 For Small & Large Businesses \u2713 A dedicated call center.","robots":{"index":"index","follow":"follow","max-snippet":"max-snippet:-1","max-image-preview":"max-image-preview:large","max-video-preview":"max-video-preview:-1"},"canonical":"https:\/\/wecall.se\/en\/services\/sales\/","og_locale":"en_US","og_type":"article","og_title":"Sales - We help you with B2B Sales | Wecall","og_description":"Does your business need help with sales? Contact Wecall! \u2713 Flexible Telephony Services \u2713 For Small & Large Businesses \u2713 A dedicated call center.","og_url":"https:\/\/wecall.se\/en\/services\/sales\/","og_site_name":"Wecall","article_publisher":"https:\/\/www.facebook.com\/wecall.se","article_modified_time":"2026-04-16T08:52:55+00:00","twitter_card":"summary_large_image","schema":{"@context":"https:\/\/schema.org","@graph":[{"@type":"WebPage","@id":"https:\/\/wecall.se\/en\/services\/sales\/","url":"https:\/\/wecall.se\/en\/services\/sales\/","name":"Sales - We help you with B2B Sales | Wecall","isPartOf":{"@id":"https:\/\/wecall.se\/en\/#website"},"datePublished":"2021-07-07T11:47:03+00:00","dateModified":"2026-04-16T08:52:55+00:00","description":"Does your business need help with sales? Contact Wecall! \u2713 Flexible Telephony Services \u2713 For Small & Large Businesses \u2713 A dedicated call center.","breadcrumb":{"@id":"https:\/\/wecall.se\/en\/services\/sales\/#breadcrumb"},"inLanguage":"en-US","potentialAction":[{"@type":"ReadAction","target":["https:\/\/wecall.se\/en\/services\/sales\/"]}]},{"@type":"BreadcrumbList","@id":"https:\/\/wecall.se\/en\/services\/sales\/#breadcrumb","itemListElement":[{"@type":"ListItem","position":1,"name":"Services","item":"https:\/\/wecall.se\/en\/services\/"},{"@type":"ListItem","position":2,"name":"Sales"}]},{"@type":"WebSite","@id":"https:\/\/wecall.se\/en\/#website","url":"https:\/\/wecall.se\/en\/","name":"Wecall","description":"Kundtj\u00e4nst, Telefonpassning &amp; Telefonservice.","potentialAction":[{"@type":"SearchAction","target":{"@type":"EntryPoint","urlTemplate":"https:\/\/wecall.se\/en\/?s={search_term_string}"},"query-input":{"@type":"PropertyValueSpecification","valueRequired":true,"valueName":"search_term_string"}}],"inLanguage":"en-US"}]}},"_links":{"self":[{"href":"https:\/\/wecall.se\/en\/wp-json\/wp\/v2\/pages\/3448","targetHints":{"allow":["GET"]}}],"collection":[{"href":"https:\/\/wecall.se\/en\/wp-json\/wp\/v2\/pages"}],"about":[{"href":"https:\/\/wecall.se\/en\/wp-json\/wp\/v2\/types\/page"}],"author":[{"embeddable":true,"href":"https:\/\/wecall.se\/en\/wp-json\/wp\/v2\/users\/1"}],"replies":[{"embeddable":true,"href":"https:\/\/wecall.se\/en\/wp-json\/wp\/v2\/comments?post=3448"}],"version-history":[{"count":6,"href":"https:\/\/wecall.se\/en\/wp-json\/wp\/v2\/pages\/3448\/revisions"}],"predecessor-version":[{"id":4002,"href":"https:\/\/wecall.se\/en\/wp-json\/wp\/v2\/pages\/3448\/revisions\/4002"}],"up":[{"embeddable":true,"href":"https:\/\/wecall.se\/en\/wp-json\/wp\/v2\/pages\/3532"}],"wp:attachment":[{"href":"https:\/\/wecall.se\/en\/wp-json\/wp\/v2\/media?parent=3448"}],"curies":[{"name":"wp","href":"https:\/\/api.w.org\/{rel}","templated":true}]}}