{"id":3480,"date":"2021-05-26T16:16:30","date_gmt":"2021-05-26T14:16:30","guid":{"rendered":"https:\/\/wecall.se\/support\/"},"modified":"2024-05-03T10:31:51","modified_gmt":"2024-05-03T08:31:51","slug":"support","status":"publish","type":"page","link":"https:\/\/wecall.se\/en\/support\/","title":{"rendered":"Support"},"content":{"rendered":"<section class=\"luft-xl mb-xl\" id=\"luft-block_60cc54b5c8513\"><\/section><section class=\"sidrubrik-section\" data-aos=\"fade-in\" data-aos-duration=\"1000\">\n    <p><p style=\"text-align: center;\"><em>Wecall<\/em><\/p>\n<h1 style=\"text-align: center;\"><strong>Support<\/strong><\/h1>\n<p style=\"text-align: center;\"><em><strong>Support \/ Customer referral<\/strong><\/em><\/p>\n<p>&nbsp;<\/p>\n<p>&nbsp;<\/p>\n<p>&nbsp;<\/p>\n<p>&nbsp;<\/p>\n<p><strong>Operational disturbances<\/strong><\/p>\n<p>&nbsp;<\/p>\n<p>There are no known ongoing disruptions.<br \/>\nExisting customers&#8217; referral system<\/p>\n<p>Wecall.nu referral is our existing customers&#8217; shared referral system with personal login.<\/p>\n<p><a href=\"http:\/\/presentity.wecall.se\/presentity\/\">Click here<\/a> to be linked to Wecall&#8217;s reference with Flexi Presentity.<\/p>\n<p>&nbsp;<\/p>\n<p>Having problems with your login? Call <a href=\"tel:%200200-889800\">0200-889800<\/a> or email us for support.<\/p>\n<p>&nbsp;<\/p>\n<p><strong>Remote support<\/strong><\/p>\n<p>&nbsp;<\/p>\n<p>Click here to be linked to <a href=\"http:\/\/wecall.se\">Wecall<\/a> remote support.<\/p>\n<p>&nbsp;<\/p>\n<p>Email technical support\/telephone support <a href=\"mailto:support@wecall.se\">support@wecall.se<\/a><\/p>\n<p>&nbsp;<\/p>\n<p><strong>Support<\/strong><\/p>\n<p>Technical\/Telephone support <strong>0200 &#8211; 88 98 00<\/strong><br \/>\nEmail technical support\/telephone support <a href=\"mailto:support@wecall.se\">support@wecall.se<\/a><\/p>\n<p>&nbsp;<\/p>\n<\/p>\n<\/section><section class=\"luft-lm mb-lm\" id=\"luft-block_60cc567cc8515\"><\/section>\n<div class=\"force-full block-padding-lm bg-beige contact-form\" id=\"contactForm\" data-aos=\"fade-in\" data-aos-duration=\"1000\">\n    <div class=\"container\">\n        <p class=\"mb-s text-center fs-xxl contact-rubrik\"><span clas=\"fw-100\">Kontakta <\/span><span class=\"fw-900\"><i>oss!<\/i><\/span><\/p>\n        <div class=\"display-flex justify-center\">\n            <p class=\"text-center width-510 fs-s fw-lightest opacity-80\">Om du har fr\u00e5gor eller funderingar s\u00e5 \u00e4r du varmt v\u00e4lkommen att kontakta oss.<\/p>\n        <\/div>\n        <div class=\"footer-form mt-l mb-m\">\n            <form class=\"footer-form__formular\" name=\"contactForm\" method=\"post\" action=\"https:\/\/wecall.se\/mail-sender.php?contactForm\">\n                                                <textarea name=\"amne\" rows=\"4\" required placeholder=\"\u00c4mne\" class=\"footer-form__formular__input-full\"><\/textarea>\n                <input type=\"text\" name=\"fornamn\" required placeholder=\"F\u00f6rnamn\" class=\"footer-form__formular__input-half\">\n                <input type=\"text\" name=\"efternamn\" required placeholder=\"Efternamn\" class=\"footer-form__formular__input-half\">\n                <input type=\"email\" name=\"email\" required placeholder=\"E-post\" class=\"footer-form__formular__input-half\">\n                <input type=\"phone\" name=\"telefon\" required placeholder=\"Telefon\" class=\"footer-form__formular__input-half\">\n                <div class=\"checkmark-container mt-xs\">\n                    <p>Jag har l\u00e4st och godk\u00e4nner de <a href=\"https:\/\/wecall.se\/integritetspolicy\">allm\u00e4nna villkoren<\/a><\/p>\n                    <input class=\"checkmark-input\" required name=\"gdpr\" type=\"checkbox\">\n                    <span class=\"custom-checkmark\"><\/span>\n                <\/div>\n                <div class=\"g-recaptcha\" data-sitekey=\"6Lfdoq0hAAAAAFc8pdufhBBS2BlcXYed5Ry5xZtB\" style=\"padding: 10px 0;\"><\/div>\n                <button class=\"footer-form__formular__button\" type=\"submit\">Skicka<\/button>\n                <input type=\"hidden\" name=\"url\" value=\"https:\/\/wecall.se\/en\/support\/\">\n            <\/form>\n        <\/div>\n        <div class=\"footer-form__email-section display-flex flex-column text-center mg-auto\">\n            <p class=\"fs-s opacity-80\">Eller s\u00e5 mailar du oss p\u00e5<\/p><br>\n            <a href=\"mailto:info@wecall.se\" class=\"fs-m opacity-80\">info@wecall.se<\/a>\n        <\/div>\n    <\/div>\n<\/div>","protected":false},"excerpt":{"rendered":"","protected":false},"author":1,"featured_media":0,"parent":0,"menu_order":0,"comment_status":"closed","ping_status":"closed","template":"","meta":{"_acf_changed":false,"footnotes":""},"class_list":["post-3480","page","type-page","status-publish","hentry"],"acf":[],"yoast_head":"<!-- This site is optimized with the Yoast SEO plugin v27.3 - https:\/\/yoast.com\/product\/yoast-seo-wordpress\/ -->\n<title>Support - Wecall<\/title>\n<meta name=\"robots\" content=\"index, follow, max-snippet:-1, max-image-preview:large, max-video-preview:-1\" \/>\n<link rel=\"canonical\" href=\"https:\/\/wecall.se\/en\/support\/\" \/>\n<meta property=\"og:locale\" content=\"en_US\" \/>\n<meta property=\"og:type\" content=\"article\" \/>\n<meta property=\"og:title\" content=\"Support - Wecall\" \/>\n<meta property=\"og:url\" content=\"https:\/\/wecall.se\/en\/support\/\" \/>\n<meta property=\"og:site_name\" content=\"Wecall\" \/>\n<meta property=\"article:publisher\" content=\"https:\/\/www.facebook.com\/wecall.se\" \/>\n<meta property=\"article:modified_time\" content=\"2024-05-03T08:31:51+00:00\" \/>\n<meta name=\"twitter:card\" content=\"summary_large_image\" \/>\n<script type=\"application\/ld+json\" class=\"yoast-schema-graph\">{\"@context\":\"https:\\\/\\\/schema.org\",\"@graph\":[{\"@type\":\"WebPage\",\"@id\":\"https:\\\/\\\/wecall.se\\\/en\\\/support\\\/\",\"url\":\"https:\\\/\\\/wecall.se\\\/en\\\/support\\\/\",\"name\":\"Support - Wecall\",\"isPartOf\":{\"@id\":\"https:\\\/\\\/wecall.se\\\/en\\\/#website\"},\"datePublished\":\"2021-05-26T14:16:30+00:00\",\"dateModified\":\"2024-05-03T08:31:51+00:00\",\"inLanguage\":\"en-US\",\"potentialAction\":[{\"@type\":\"ReadAction\",\"target\":[\"https:\\\/\\\/wecall.se\\\/en\\\/support\\\/\"]}]},{\"@type\":\"WebSite\",\"@id\":\"https:\\\/\\\/wecall.se\\\/en\\\/#website\",\"url\":\"https:\\\/\\\/wecall.se\\\/en\\\/\",\"name\":\"Wecall\",\"description\":\"Kundtj\u00e4nst, Telefonpassning &amp; Telefonservice.\",\"potentialAction\":[{\"@type\":\"SearchAction\",\"target\":{\"@type\":\"EntryPoint\",\"urlTemplate\":\"https:\\\/\\\/wecall.se\\\/en\\\/?s={search_term_string}\"},\"query-input\":{\"@type\":\"PropertyValueSpecification\",\"valueRequired\":true,\"valueName\":\"search_term_string\"}}],\"inLanguage\":\"en-US\"}]}<\/script>\n<!-- \/ Yoast SEO plugin. -->","yoast_head_json":{"title":"Support - Wecall","robots":{"index":"index","follow":"follow","max-snippet":"max-snippet:-1","max-image-preview":"max-image-preview:large","max-video-preview":"max-video-preview:-1"},"canonical":"https:\/\/wecall.se\/en\/support\/","og_locale":"en_US","og_type":"article","og_title":"Support - Wecall","og_url":"https:\/\/wecall.se\/en\/support\/","og_site_name":"Wecall","article_publisher":"https:\/\/www.facebook.com\/wecall.se","article_modified_time":"2024-05-03T08:31:51+00:00","twitter_card":"summary_large_image","schema":{"@context":"https:\/\/schema.org","@graph":[{"@type":"WebPage","@id":"https:\/\/wecall.se\/en\/support\/","url":"https:\/\/wecall.se\/en\/support\/","name":"Support - Wecall","isPartOf":{"@id":"https:\/\/wecall.se\/en\/#website"},"datePublished":"2021-05-26T14:16:30+00:00","dateModified":"2024-05-03T08:31:51+00:00","inLanguage":"en-US","potentialAction":[{"@type":"ReadAction","target":["https:\/\/wecall.se\/en\/support\/"]}]},{"@type":"WebSite","@id":"https:\/\/wecall.se\/en\/#website","url":"https:\/\/wecall.se\/en\/","name":"Wecall","description":"Kundtj\u00e4nst, Telefonpassning &amp; Telefonservice.","potentialAction":[{"@type":"SearchAction","target":{"@type":"EntryPoint","urlTemplate":"https:\/\/wecall.se\/en\/?s={search_term_string}"},"query-input":{"@type":"PropertyValueSpecification","valueRequired":true,"valueName":"search_term_string"}}],"inLanguage":"en-US"}]}},"_links":{"self":[{"href":"https:\/\/wecall.se\/en\/wp-json\/wp\/v2\/pages\/3480","targetHints":{"allow":["GET"]}}],"collection":[{"href":"https:\/\/wecall.se\/en\/wp-json\/wp\/v2\/pages"}],"about":[{"href":"https:\/\/wecall.se\/en\/wp-json\/wp\/v2\/types\/page"}],"author":[{"embeddable":true,"href":"https:\/\/wecall.se\/en\/wp-json\/wp\/v2\/users\/1"}],"replies":[{"embeddable":true,"href":"https:\/\/wecall.se\/en\/wp-json\/wp\/v2\/comments?post=3480"}],"version-history":[{"count":1,"href":"https:\/\/wecall.se\/en\/wp-json\/wp\/v2\/pages\/3480\/revisions"}],"predecessor-version":[{"id":3481,"href":"https:\/\/wecall.se\/en\/wp-json\/wp\/v2\/pages\/3480\/revisions\/3481"}],"wp:attachment":[{"href":"https:\/\/wecall.se\/en\/wp-json\/wp\/v2\/media?parent=3480"}],"curies":[{"name":"wp","href":"https:\/\/api.w.org\/{rel}","templated":true}]}}