{"id":3482,"date":"2021-05-26T16:16:15","date_gmt":"2021-05-26T14:16:15","guid":{"rendered":"https:\/\/wecall.se\/careers\/"},"modified":"2026-04-01T15:32:36","modified_gmt":"2026-04-01T13:32:36","slug":"careers","status":"publish","type":"page","link":"https:\/\/wecall.se\/en\/careers\/","title":{"rendered":"Careers"},"content":{"rendered":"<section class=\"luft-l mb-l\" id=\"luft-block_07af6890563d1d96ee52e7718036bfbe\"><\/section><section class=\"sidrubrik-section\" data-aos=\"fade-in\" data-aos-duration=\"1000\">\n    <p><h1 style=\"text-align: center;\">Welcome to <strong>the family!<\/strong><\/h1>\n<p>&nbsp;<\/p>\n<p style=\"text-align: center;\"><em><strong>Wecall is one of Sweden&#8217;s leading contact center and customer service companies. Our main focus is on the well-being and well-being of everyone working at Wecall. We are convinced that this is when we do our best work. If we feel good and have fun at work, we deliver the highest possible commitment and quality to our customers. Our head office is in Sundsvall but we are also located in Ume\u00e5.<\/strong><\/em><\/p>\n<p>&nbsp;<\/p>\n<p>&nbsp;<\/p>\n<\/p>\n<\/section><section class=\"luft-xl mb-xl\" id=\"luft-block_63fd3c1c74317c11abd23cbf39ed4df5\"><\/section>\n<figure class=\"wp-block-video\"><video height=\"1080\" style=\"aspect-ratio: 1920 \/ 1080;\" width=\"1920\" muted=\"\" src=\"https:\/\/wecall.se\/wp-content\/uploads\/2021\/10\/wecall_movie.mp4\"><\/video><\/figure>\n<section class=\"luft-xl mb-xl\" id=\"luft-block_63fd3c1c74317c11abd23cbf39ed4df5\"><\/section>\n<section class=\"split-msg delat-meddelande force-full bg-beige\" id=\"delat-meddelande-block_f35ba8d95d7ab4707594eb5761b7a77b\" data-aos=\"fade-in\" data-aos-duration=\"1000\">\n    <div class=\"container-medium\">\n        <div class=\"col-holder\">\n            <div class=\"col-split-small mr-xs\">\n                <h2>Wecall is growing<\/h2>\n            <\/div>\n            <div class=\"col-split-half line-height-30 fw-lightest\">\n                <p>We are a growing company with around 40 employees. Since 2019, Telecenter in Ume\u00e5 is part of Wecall. We work with incoming telephony, switchboard solutions and sales. Wecall Sports is an independent company that helps elite sports clubs with the sale of sponsorship packages and the recruitment of sponsors. In total, we are today about 80 people in the Wecall family.<\/p>\n            <\/div>\n        <\/div>\n    <\/div>\n<\/section><section class=\"luft-l mb-l\" id=\"luft-block_a85f1cee26fa4cfb7f4276992c1ec89d\"><\/section><section class=\"sidrubrik-section\" data-aos=\"fade-in\" data-aos-duration=\"1000\">\n    <p><h1 style=\"text-align: center;\"><strong>Become<\/strong> one of us<\/h1>\n<p>&nbsp;<\/p>\n<p style=\"text-align: center;\"><em><strong>We will take care of you. When you&#8217;re ready, you&#8217;ll be given a lot of responsibility and the chance to develop.<\/strong><\/em><\/p>\n<\/p>\n<\/section><section class=\"luft-l mb-l\" id=\"luft-block_a85f1cee26fa4cfb7f4276992c1ec89d\"><\/section><section class=\"sidrubrik-section\" data-aos=\"fade-in\" data-aos-duration=\"1000\">\n    <p><p><!--more--><!--more--><\/p>\n<p>&nbsp;<\/p>\n<h1 style=\"text-align: center;\">Meet the people who <strong>work<\/strong> here.<\/h1>\n<p style=\"text-align: center;\"><em><strong>Find out why our staff enjoy their work and what drives them.<\/strong><\/em><\/p>\n<p>&nbsp;<\/p>\n<p>&nbsp;<\/p>\n<p>&nbsp;<\/p>\n<\/p>\n<\/section><section class=\"luft-xl mb-xl\" id=\"luft-block_63fd3c1c74317c11abd23cbf39ed4df5\"><\/section><section class=\"resultatslider force-full bg-beige block-padding-lm\" data-aos=\"fade-in\" data-aos-duration=\"1000\" id=\"resultat-block_b9b9100afec2eccc745894016cd743b2\">\n    <div class=\"container-medium\">\n            \n        <div class=\"resultat-glide\">\n          <div class=\"glide__track\" data-glide-el=\"track\">\n            <ul class=\"glide__slides\">\n                                    <div class=\"display-flex flex-column\">\n                        <div class=\"resultatslider__bild\" style=\"background-image: url('https:\/\/wecall.se\/wp-content\/uploads\/2021\/10\/MG_7583-kopia.jpg');\">\n                            <div class=\"resultatslider__bild__content\">\n                                <p class=\"fs-s fw-light\">Group leader<\/p>\n                                <p class=\"fs-m fw-bold color-white border-left\">Ann \u00c5slund<\/p>\n                                <p class=\"fs-s fw-light\">Sundsvall<\/p>\n                            <\/div>\n                        <\/div>\n                        <div class=\"resultatslider__testemonial\">\n                            <p style=\"text-align: center;\"><em>&#8220;Wecall is like my second family&#8221;<\/em><\/p>\n<p style=\"text-align: center;\"><a href=\"https:\/\/wecall.se\/en\/careers\/ann-aslund\/\">Read more  &gt;<\/a><\/p>\n                        <\/div>\n                    <\/div>\n                                    <div class=\"display-flex flex-column\">\n                        <div class=\"resultatslider__bild\" style=\"background-image: url('https:\/\/wecall.se\/wp-content\/uploads\/2021\/10\/MG_7619-kopia-e1698154110736.jpg');\">\n                            <div class=\"resultatslider__bild__content\">\n                                <p class=\"fs-s fw-light\">Partner Chief<\/p>\n                                <p class=\"fs-m fw-bold color-white border-left\">Michael Backlund<\/p>\n                                <p class=\"fs-s fw-light\">Sundsvall<\/p>\n                            <\/div>\n                        <\/div>\n                        <div class=\"resultatslider__testemonial\">\n                            <p style=\"text-align: center;\"><em>&#8220;I tried my hand at two other companies and came back.<br \/>\nIt&#8217;s a sign that you&#8217;re happy.&#8221;<\/em><\/p>\n<p style=\"text-align: center;\"><a href=\"https:\/\/wecall.se\/en\/careers\/michael-backlund\/\">Read more  &gt;<\/a><\/p>\n                        <\/div>\n                    <\/div>\n                            <\/ul>\n          <\/div>\n            <div class=\"glide__arrows\" data-glide-el=\"controls\">\n                <button class=\"glide__arrow glide__arrow--left\" data-glide-dir=\"&lt;\">\n                    <img decoding=\"async\" src=\"https:\/\/wecall.se\/wp-content\/uploads\/2021\/05\/Path-2676.png\">\n                <\/button>\n                <button class=\"glide__arrow glide__arrow--right\" data-glide-dir=\"&gt;\">\n                    <img decoding=\"async\" src=\"https:\/\/wecall.se\/wp-content\/uploads\/2021\/05\/Path-2675.png\">\n                <\/button>\n            <\/div>\n\n        <\/div>\n    <\/div>\n\n<\/section><section class=\"luft-l mb-l\" id=\"luft-block_07af6890563d1d96ee52e7718036bfbe\"><\/section>\n<div class=\"force-full block-padding-lm bg-beige contact-form\" id=\"contactForm\" data-aos=\"fade-in\" data-aos-duration=\"1000\">\n    <div class=\"container\">\n        <p class=\"mb-s text-center fs-xxl contact-rubrik\"><span clas=\"fw-100\">Kontakta <\/span><span class=\"fw-900\"><i>oss!<\/i><\/span><\/p>\n        <div class=\"display-flex justify-center\">\n            <p class=\"text-center width-510 fs-s fw-lightest opacity-80\">Om du har fr\u00e5gor eller funderingar s\u00e5 \u00e4r du varmt v\u00e4lkommen att kontakta oss.<\/p>\n        <\/div>\n        <div class=\"footer-form mt-l mb-m\">\n            <form class=\"footer-form__formular\" name=\"contactForm\" method=\"post\" action=\"https:\/\/wecall.se\/mail-sender.php?contactForm\">\n                                                <textarea name=\"amne\" rows=\"4\" required placeholder=\"\u00c4mne\" class=\"footer-form__formular__input-full\"><\/textarea>\n                <input type=\"text\" name=\"fornamn\" required placeholder=\"F\u00f6rnamn\" class=\"footer-form__formular__input-half\">\n                <input type=\"text\" name=\"efternamn\" required placeholder=\"Efternamn\" class=\"footer-form__formular__input-half\">\n                <input type=\"email\" name=\"email\" required placeholder=\"E-post\" class=\"footer-form__formular__input-half\">\n                <input type=\"phone\" name=\"telefon\" required placeholder=\"Telefon\" class=\"footer-form__formular__input-half\">\n                <div class=\"checkmark-container mt-xs\">\n                    <p>Jag har l\u00e4st och godk\u00e4nner de <a href=\"https:\/\/wecall.se\/integritetspolicy\">allm\u00e4nna villkoren<\/a><\/p>\n                    <input class=\"checkmark-input\" required name=\"gdpr\" type=\"checkbox\">\n                    <span class=\"custom-checkmark\"><\/span>\n                <\/div>\n                <div class=\"g-recaptcha\" data-sitekey=\"6Lfdoq0hAAAAAFc8pdufhBBS2BlcXYed5Ry5xZtB\" style=\"padding: 10px 0;\"><\/div>\n                <button class=\"footer-form__formular__button\" type=\"submit\">Skicka<\/button>\n                <input type=\"hidden\" name=\"url\" value=\"https:\/\/wecall.se\/en\/careers\/\">\n            <\/form>\n        <\/div>\n        <div class=\"footer-form__email-section display-flex flex-column text-center mg-auto\">\n            <p class=\"fs-s opacity-80\">Eller s\u00e5 mailar du oss p\u00e5<\/p><br>\n            <a href=\"mailto:info@wecall.se\" class=\"fs-m opacity-80\">info@wecall.se<\/a>\n        <\/div>\n    <\/div>\n<\/div>","protected":false},"excerpt":{"rendered":"","protected":false},"author":1,"featured_media":0,"parent":0,"menu_order":0,"comment_status":"closed","ping_status":"closed","template":"","meta":{"_acf_changed":false,"footnotes":""},"class_list":["post-3482","page","type-page","status-publish","hentry"],"acf":[],"yoast_head":"<!-- This site is optimized with the Yoast SEO plugin v27.3 - https:\/\/yoast.com\/product\/yoast-seo-wordpress\/ -->\n<title>Careers - Wecall<\/title>\n<meta name=\"robots\" content=\"index, follow, max-snippet:-1, max-image-preview:large, max-video-preview:-1\" \/>\n<link rel=\"canonical\" href=\"https:\/\/wecall.se\/en\/careers\/\" \/>\n<meta property=\"og:locale\" content=\"en_US\" \/>\n<meta property=\"og:type\" content=\"article\" \/>\n<meta property=\"og:title\" content=\"Careers - Wecall\" \/>\n<meta property=\"og:url\" content=\"https:\/\/wecall.se\/en\/careers\/\" \/>\n<meta property=\"og:site_name\" content=\"Wecall\" \/>\n<meta property=\"article:publisher\" content=\"https:\/\/www.facebook.com\/wecall.se\" \/>\n<meta property=\"article:modified_time\" content=\"2026-04-01T13:32:36+00:00\" \/>\n<meta name=\"twitter:card\" content=\"summary_large_image\" \/>\n<script type=\"application\/ld+json\" class=\"yoast-schema-graph\">{\"@context\":\"https:\\\/\\\/schema.org\",\"@graph\":[{\"@type\":\"WebPage\",\"@id\":\"https:\\\/\\\/wecall.se\\\/en\\\/careers\\\/\",\"url\":\"https:\\\/\\\/wecall.se\\\/en\\\/careers\\\/\",\"name\":\"Careers - Wecall\",\"isPartOf\":{\"@id\":\"https:\\\/\\\/wecall.se\\\/en\\\/#website\"},\"datePublished\":\"2021-05-26T14:16:15+00:00\",\"dateModified\":\"2026-04-01T13:32:36+00:00\",\"inLanguage\":\"en-US\",\"potentialAction\":[{\"@type\":\"ReadAction\",\"target\":[\"https:\\\/\\\/wecall.se\\\/en\\\/careers\\\/\"]}]},{\"@type\":\"WebSite\",\"@id\":\"https:\\\/\\\/wecall.se\\\/en\\\/#website\",\"url\":\"https:\\\/\\\/wecall.se\\\/en\\\/\",\"name\":\"Wecall\",\"description\":\"Kundtj\u00e4nst, Telefonpassning &amp; Telefonservice.\",\"potentialAction\":[{\"@type\":\"SearchAction\",\"target\":{\"@type\":\"EntryPoint\",\"urlTemplate\":\"https:\\\/\\\/wecall.se\\\/en\\\/?s={search_term_string}\"},\"query-input\":{\"@type\":\"PropertyValueSpecification\",\"valueRequired\":true,\"valueName\":\"search_term_string\"}}],\"inLanguage\":\"en-US\"}]}<\/script>\n<!-- \/ Yoast SEO plugin. -->","yoast_head_json":{"title":"Careers - Wecall","robots":{"index":"index","follow":"follow","max-snippet":"max-snippet:-1","max-image-preview":"max-image-preview:large","max-video-preview":"max-video-preview:-1"},"canonical":"https:\/\/wecall.se\/en\/careers\/","og_locale":"en_US","og_type":"article","og_title":"Careers - Wecall","og_url":"https:\/\/wecall.se\/en\/careers\/","og_site_name":"Wecall","article_publisher":"https:\/\/www.facebook.com\/wecall.se","article_modified_time":"2026-04-01T13:32:36+00:00","twitter_card":"summary_large_image","schema":{"@context":"https:\/\/schema.org","@graph":[{"@type":"WebPage","@id":"https:\/\/wecall.se\/en\/careers\/","url":"https:\/\/wecall.se\/en\/careers\/","name":"Careers - Wecall","isPartOf":{"@id":"https:\/\/wecall.se\/en\/#website"},"datePublished":"2021-05-26T14:16:15+00:00","dateModified":"2026-04-01T13:32:36+00:00","inLanguage":"en-US","potentialAction":[{"@type":"ReadAction","target":["https:\/\/wecall.se\/en\/careers\/"]}]},{"@type":"WebSite","@id":"https:\/\/wecall.se\/en\/#website","url":"https:\/\/wecall.se\/en\/","name":"Wecall","description":"Kundtj\u00e4nst, Telefonpassning &amp; Telefonservice.","potentialAction":[{"@type":"SearchAction","target":{"@type":"EntryPoint","urlTemplate":"https:\/\/wecall.se\/en\/?s={search_term_string}"},"query-input":{"@type":"PropertyValueSpecification","valueRequired":true,"valueName":"search_term_string"}}],"inLanguage":"en-US"}]}},"_links":{"self":[{"href":"https:\/\/wecall.se\/en\/wp-json\/wp\/v2\/pages\/3482","targetHints":{"allow":["GET"]}}],"collection":[{"href":"https:\/\/wecall.se\/en\/wp-json\/wp\/v2\/pages"}],"about":[{"href":"https:\/\/wecall.se\/en\/wp-json\/wp\/v2\/types\/page"}],"author":[{"embeddable":true,"href":"https:\/\/wecall.se\/en\/wp-json\/wp\/v2\/users\/1"}],"replies":[{"embeddable":true,"href":"https:\/\/wecall.se\/en\/wp-json\/wp\/v2\/comments?post=3482"}],"version-history":[{"count":2,"href":"https:\/\/wecall.se\/en\/wp-json\/wp\/v2\/pages\/3482\/revisions"}],"predecessor-version":[{"id":3988,"href":"https:\/\/wecall.se\/en\/wp-json\/wp\/v2\/pages\/3482\/revisions\/3988"}],"wp:attachment":[{"href":"https:\/\/wecall.se\/en\/wp-json\/wp\/v2\/media?parent=3482"}],"curies":[{"name":"wp","href":"https:\/\/api.w.org\/{rel}","templated":true}]}}