{"id":3484,"date":"2021-05-26T16:16:07","date_gmt":"2021-05-26T14:16:07","guid":{"rendered":"https:\/\/wecall.se\/we-chose-wecall\/"},"modified":"2024-05-03T10:32:36","modified_gmt":"2024-05-03T08:32:36","slug":"we-chose-wecall","status":"publish","type":"page","link":"https:\/\/wecall.se\/en\/we-chose-wecall\/","title":{"rendered":"We chose Wecall"},"content":{"rendered":"<section class=\"luft-l mb-l\" id=\"luft-block_73091ebaac194ffe3b44bf69496f6c4a\"><\/section><section class=\"sidrubrik-section\" data-aos=\"fade-in\" data-aos-duration=\"1000\">\n    <p><p style=\"text-align: center;\"><em>WHOLE GROUP<br \/>\n<\/em><\/p>\n<p>&nbsp;<\/p>\n<h1 style=\"text-align: center;\">We are<br \/>\n<strong>The Wecall family<\/strong>.<\/h1>\n<p style=\"text-align: center;\"><em><strong>The Wecall family consists of Wecall, Telecenter and Wecall Sports. Together we offer a wide range of services in telephony, customer service, sales, switchboard services and sponsor recruitment.<\/strong> <\/em><\/p>\n<p>&nbsp;<\/p>\n<p>&nbsp;<\/p>\n<p>&nbsp;<\/p>\n<p>Our customers are large and small companies in Europe in various industries. We also work with elite sports clubs and sports federations in Sweden where we recruit sponsors.<\/p>\n<p>&nbsp;<\/p>\n<p>The parent company, Wecall, offers a wide range of services with an emphasis on qualified sales and advanced customer service.<\/p>\n<p>&nbsp;<\/p>\n<p>Telecenter is the obvious choice when it comes to simple telephone answering and operator services. Wecall Sports is the market leader when it comes to recruiting partners and sponsors for elite sports clubs in Sweden. We in the Wecall family always represent your company in a professional and committed manner.<\/p>\n<p>&nbsp;<\/p>\n<p>Since 2023, <a href=\"https:\/\/www.axeon.se\/\">Axeon<\/a> has also been part of the family. Axeon is primarily specialized in providing service\/response services to law firms.<\/p>\n<\/p>\n<\/section><section class=\"luft-l mb-l\" id=\"luft-block_611b0939085d1f3709656a469dba3a95\"><\/section><div class=\"wp-block-image is-resized\">\n<figure class=\"aligncenter size-full\"><a href=\"https:\/\/wecall.se\/en\/\"><img decoding=\"async\" src=\"https:\/\/wecall.se\/wp-content\/uploads\/2021\/11\/Component-3-&#x2013;-1.png\" alt=\"\" class=\"wp-image-916\"\/><\/a><\/figure>\n<\/div>\n<h1 class=\"wp-block-heading has-text-align-center\">+<\/h1>\n<div class=\"wp-block-image is-resized\">\n<figure class=\"aligncenter size-large\"><a href=\"https:\/\/wecall.se\/?page_id=660\"><img loading=\"lazy\" decoding=\"async\" width=\"233\" height=\"38\" src=\"https:\/\/wecall.se\/wp-content\/uploads\/2021\/06\/Image-15.png\" alt=\"\" class=\"wp-image-463\" srcset=\"https:\/\/wecall.se\/wp-content\/uploads\/2021\/06\/Image-15.png 233w, https:\/\/wecall.se\/wp-content\/uploads\/2021\/06\/Image-15-120x20.png 120w\" sizes=\"auto, (max-width: 233px) 100vw, 233px\" \/><\/a><\/figure>\n<\/div>\n<h1 class=\"wp-block-heading has-text-align-center\">+<\/h1>\n<div class=\"wp-block-image\">\n<figure class=\"aligncenter size-medium\"><a href=\"https:\/\/wecall.se\/om-wecall-sports\/\"><img loading=\"lazy\" decoding=\"async\" width=\"250\" height=\"69\" src=\"https:\/\/wecall.se\/wp-content\/uploads\/2021\/10\/Wecall_Sports_logo-250x69.png\" alt=\"\" class=\"wp-image-852\" srcset=\"https:\/\/wecall.se\/wp-content\/uploads\/2021\/10\/Wecall_Sports_logo-250x69.png 250w, https:\/\/wecall.se\/wp-content\/uploads\/2021\/10\/Wecall_Sports_logo-700x193.png 700w, https:\/\/wecall.se\/wp-content\/uploads\/2021\/10\/Wecall_Sports_logo-768x212.png 768w, https:\/\/wecall.se\/wp-content\/uploads\/2021\/10\/Wecall_Sports_logo-120x33.png 120w, https:\/\/wecall.se\/wp-content\/uploads\/2021\/10\/Wecall_Sports_logo.png 880w\" sizes=\"auto, (max-width: 250px) 100vw, 250px\" \/><\/a><\/figure>\n<\/div>\n<h1 class=\"wp-block-heading has-text-align-center\">+<\/h1>\n<div class=\"wp-block-image\">\n<figure class=\"aligncenter size-full\"><img loading=\"lazy\" decoding=\"async\" width=\"186\" height=\"64\" src=\"https:\/\/wecall.se\/wp-content\/uploads\/2023\/12\/Logga-Axeon.png\" alt=\"\" class=\"wp-image-2971\" srcset=\"https:\/\/wecall.se\/wp-content\/uploads\/2023\/12\/Logga-Axeon.png 186w, https:\/\/wecall.se\/wp-content\/uploads\/2023\/12\/Logga-Axeon-120x41.png 120w\" sizes=\"auto, (max-width: 186px) 100vw, 186px\" \/><\/figure>\n<\/div><section class=\"luft-xl mb-xl\" id=\"luft-block_9d18ff56191983d07fe6a90a54813748\"><\/section><section class=\"simpla-puffar force-full\" id=\"simpelpuff-block_c787097b29edc565abf84128df6a1fce\" data-aos=\"fade-in\" data-aos-duration=\"1000\">\n    <div class=\"container-medium padding-0\">\n        <div class=\"simpelpuff justify-space-between\" data-aos=\"fade-in\" data-aos-duration=\"1000\">\n                    <div class=\"simpelpuff__holder\">\n                <div class=\"simpelpuff__holder__objekt\">\n                    <p class=\"simpelpuff__holder__objekt__subheader color-white fs-s fw-bold\">VI \u00c4R<\/p>\n                    <p class=\"simpelpuff__holder__objekt__rubrik color-white fs-l fw-bold\">Wecall<\/p>\n                    <p class=\"simpelpuff__holder__objekt__beskrivning color-white fw-lightest\">Ett av Sveriges ledande kontaktcenterf\u00f6retag. Vi arbetar med service och tj\u00e4nster \u00e5t f\u00f6retag i olika branscher.<\/p>\n                    <span class=\"mt-auto\">\n                        <a href=\"https:\/\/wecall.se\/om-wecall\/\" class=\"btn btn-white-orange\">L\u00e4s mer ><\/a>\n                    <\/span>\n                <\/div>\n            <\/div>\n            <div class=\"simpelpuff__holder\">\n                <div class=\"simpelpuff__holder__objekt\">\n                    <p class=\"simpelpuff__holder__objekt__subheader color-white fs-s fw-bold\">VI \u00c4R<\/p>\n                    <p class=\"simpelpuff__holder__objekt__rubrik color-white fs-l fw-bold\">Telecenter<\/p>\n                    <p class=\"simpelpuff__holder__objekt__beskrivning color-white fw-lightest\">Proffs p\u00e5 telefonpassningstj\u00e4nster i olika former. Vi g\u00f6r det snabbt, enkelt och personligt.<\/p>\n                    <span class=\"mt-auto\">\n                        <a href=\"https:\/\/wecall.se\/om-telecenter\/\" class=\"btn btn-white-orange\">L\u00e4s mer ><\/a>\n                    <\/span>\n                <\/div>\n            <\/div>\n            <div class=\"simpelpuff__holder\">\n                <div class=\"simpelpuff__holder__objekt\">\n                    <p class=\"simpelpuff__holder__objekt__subheader \u00c4R color-white fs-s fw-bold\">VI \u00c4R<\/p>\n                    <p class=\"simpelpuff__holder__objekt__rubrik color-white fs-l fw-bold\">Wecall Sports<\/p>\n                    <p class=\"simpelpuff__holder__objekt__beskrivning color-white fw-lightest\">Marknadsledande s\u00e4ljare av sponsorpaket och rekryterare av sponsorer. Arbetar f\u00f6r idrottsklubbar och f\u00f6rbund.<\/p>\n                    <span class=\"mt-auto\">\n                        <a href=\"https:\/\/wecall.se\/om-wecall-sports\/\" class=\"btn btn-white-orange\">L\u00e4s mer ><\/a>\n                    <\/span>\n                <\/div>\n            <\/div>\n        <\/div>\n    <\/div>\n<\/section><section class=\"luft-xl mb-xl\" id=\"luft-block_9d18ff56191983d07fe6a90a54813748\"><\/section>\n<div class=\"force-full block-padding-lm bg-beige contact-form\" id=\"contactForm\" data-aos=\"fade-in\" data-aos-duration=\"1000\">\n    <div class=\"container\">\n        <p class=\"mb-s text-center fs-xxl contact-rubrik\"><span clas=\"fw-100\">Kontakta <\/span><span class=\"fw-900\"><i>oss!<\/i><\/span><\/p>\n        <div class=\"display-flex justify-center\">\n            <p class=\"text-center width-510 fs-s fw-lightest opacity-80\">Om du har fr\u00e5gor eller funderingar s\u00e5 \u00e4r du varmt v\u00e4lkommen att kontakta oss.<\/p>\n        <\/div>\n        <div class=\"footer-form mt-l mb-m\">\n            <form class=\"footer-form__formular\" name=\"contactForm\" method=\"post\" action=\"https:\/\/wecall.se\/mail-sender.php?contactForm\">\n                                                <textarea name=\"amne\" rows=\"4\" required placeholder=\"\u00c4mne\" class=\"footer-form__formular__input-full\"><\/textarea>\n                <input type=\"text\" name=\"fornamn\" required placeholder=\"F\u00f6rnamn\" class=\"footer-form__formular__input-half\">\n                <input type=\"text\" name=\"efternamn\" required placeholder=\"Efternamn\" class=\"footer-form__formular__input-half\">\n                <input type=\"email\" name=\"email\" required placeholder=\"E-post\" class=\"footer-form__formular__input-half\">\n                <input type=\"phone\" name=\"telefon\" required placeholder=\"Telefon\" class=\"footer-form__formular__input-half\">\n                <div class=\"checkmark-container mt-xs\">\n                    <p>Jag har l\u00e4st och godk\u00e4nner de <a href=\"https:\/\/wecall.se\/integritetspolicy\">allm\u00e4nna villkoren<\/a><\/p>\n                    <input class=\"checkmark-input\" required name=\"gdpr\" type=\"checkbox\">\n                    <span class=\"custom-checkmark\"><\/span>\n                <\/div>\n                <div class=\"g-recaptcha\" data-sitekey=\"6Lfdoq0hAAAAAFc8pdufhBBS2BlcXYed5Ry5xZtB\" style=\"padding: 10px 0;\"><\/div>\n                <button class=\"footer-form__formular__button\" type=\"submit\">Skicka<\/button>\n                <input type=\"hidden\" name=\"url\" value=\"https:\/\/wecall.se\/en\/we-chose-wecall\/\">\n            <\/form>\n        <\/div>\n        <div class=\"footer-form__email-section display-flex flex-column text-center mg-auto\">\n            <p class=\"fs-s opacity-80\">Eller s\u00e5 mailar du oss p\u00e5<\/p><br>\n            <a href=\"mailto:info@wecall.se\" class=\"fs-m opacity-80\">info@wecall.se<\/a>\n        <\/div>\n    <\/div>\n<\/div>\n<p><\/p>\n","protected":false},"excerpt":{"rendered":"<p>+ + +<\/p>\n","protected":false},"author":1,"featured_media":0,"parent":0,"menu_order":0,"comment_status":"closed","ping_status":"closed","template":"","meta":{"_acf_changed":false,"footnotes":""},"class_list":["post-3484","page","type-page","status-publish","hentry"],"acf":[],"yoast_head":"<!-- This site is optimized with the Yoast SEO plugin v27.3 - https:\/\/yoast.com\/product\/yoast-seo-wordpress\/ -->\n<title>We chose Wecall - Wecall<\/title>\n<meta name=\"robots\" content=\"index, follow, max-snippet:-1, max-image-preview:large, max-video-preview:-1\" \/>\n<link rel=\"canonical\" href=\"https:\/\/wecall.se\/en\/we-chose-wecall\/\" \/>\n<meta property=\"og:locale\" content=\"en_US\" \/>\n<meta property=\"og:type\" content=\"article\" \/>\n<meta property=\"og:title\" content=\"We chose Wecall - Wecall\" \/>\n<meta property=\"og:description\" content=\"+ + +\" \/>\n<meta property=\"og:url\" content=\"https:\/\/wecall.se\/en\/we-chose-wecall\/\" \/>\n<meta property=\"og:site_name\" content=\"Wecall\" \/>\n<meta property=\"article:publisher\" content=\"https:\/\/www.facebook.com\/wecall.se\" \/>\n<meta property=\"article:modified_time\" content=\"2024-05-03T08:32:36+00:00\" \/>\n<meta property=\"og:image\" content=\"https:\/\/wecall.se\/wp-content\/uploads\/2021\/11\/Component-3-&#x2013;-1.png\" \/>\n<meta name=\"twitter:card\" content=\"summary_large_image\" \/>\n<script type=\"application\/ld+json\" class=\"yoast-schema-graph\">{\"@context\":\"https:\\\/\\\/schema.org\",\"@graph\":[{\"@type\":\"WebPage\",\"@id\":\"https:\\\/\\\/wecall.se\\\/en\\\/we-chose-wecall\\\/\",\"url\":\"https:\\\/\\\/wecall.se\\\/en\\\/we-chose-wecall\\\/\",\"name\":\"We chose Wecall - Wecall\",\"isPartOf\":{\"@id\":\"https:\\\/\\\/wecall.se\\\/en\\\/#website\"},\"primaryImageOfPage\":{\"@id\":\"https:\\\/\\\/wecall.se\\\/en\\\/we-chose-wecall\\\/#primaryimage\"},\"image\":{\"@id\":\"https:\\\/\\\/wecall.se\\\/en\\\/we-chose-wecall\\\/#primaryimage\"},\"thumbnailUrl\":\"https:\\\/\\\/wecall.se\\\/wp-content\\\/uploads\\\/2021\\\/11\\\/Component-3-&#x2013;-1.png\",\"datePublished\":\"2021-05-26T14:16:07+00:00\",\"dateModified\":\"2024-05-03T08:32:36+00:00\",\"inLanguage\":\"en-US\",\"potentialAction\":[{\"@type\":\"ReadAction\",\"target\":[\"https:\\\/\\\/wecall.se\\\/en\\\/we-chose-wecall\\\/\"]}]},{\"@type\":\"ImageObject\",\"inLanguage\":\"en-US\",\"@id\":\"https:\\\/\\\/wecall.se\\\/en\\\/we-chose-wecall\\\/#primaryimage\",\"url\":\"https:\\\/\\\/wecall.se\\\/wp-content\\\/uploads\\\/2021\\\/11\\\/Component-3-&#x2013;-1.png\",\"contentUrl\":\"https:\\\/\\\/wecall.se\\\/wp-content\\\/uploads\\\/2021\\\/11\\\/Component-3-&#x2013;-1.png\"},{\"@type\":\"WebSite\",\"@id\":\"https:\\\/\\\/wecall.se\\\/en\\\/#website\",\"url\":\"https:\\\/\\\/wecall.se\\\/en\\\/\",\"name\":\"Wecall\",\"description\":\"Kundtj\u00e4nst, Telefonpassning &amp; Telefonservice.\",\"potentialAction\":[{\"@type\":\"SearchAction\",\"target\":{\"@type\":\"EntryPoint\",\"urlTemplate\":\"https:\\\/\\\/wecall.se\\\/en\\\/?s={search_term_string}\"},\"query-input\":{\"@type\":\"PropertyValueSpecification\",\"valueRequired\":true,\"valueName\":\"search_term_string\"}}],\"inLanguage\":\"en-US\"}]}<\/script>\n<!-- \/ Yoast SEO plugin. -->","yoast_head_json":{"title":"We chose Wecall - Wecall","robots":{"index":"index","follow":"follow","max-snippet":"max-snippet:-1","max-image-preview":"max-image-preview:large","max-video-preview":"max-video-preview:-1"},"canonical":"https:\/\/wecall.se\/en\/we-chose-wecall\/","og_locale":"en_US","og_type":"article","og_title":"We chose Wecall - Wecall","og_description":"+ + +","og_url":"https:\/\/wecall.se\/en\/we-chose-wecall\/","og_site_name":"Wecall","article_publisher":"https:\/\/www.facebook.com\/wecall.se","article_modified_time":"2024-05-03T08:32:36+00:00","og_image":[{"url":"https:\/\/wecall.se\/wp-content\/uploads\/2021\/11\/Component-3-&#x2013;-1.png","type":"","width":"","height":""}],"twitter_card":"summary_large_image","schema":{"@context":"https:\/\/schema.org","@graph":[{"@type":"WebPage","@id":"https:\/\/wecall.se\/en\/we-chose-wecall\/","url":"https:\/\/wecall.se\/en\/we-chose-wecall\/","name":"We chose Wecall - Wecall","isPartOf":{"@id":"https:\/\/wecall.se\/en\/#website"},"primaryImageOfPage":{"@id":"https:\/\/wecall.se\/en\/we-chose-wecall\/#primaryimage"},"image":{"@id":"https:\/\/wecall.se\/en\/we-chose-wecall\/#primaryimage"},"thumbnailUrl":"https:\/\/wecall.se\/wp-content\/uploads\/2021\/11\/Component-3-&#x2013;-1.png","datePublished":"2021-05-26T14:16:07+00:00","dateModified":"2024-05-03T08:32:36+00:00","inLanguage":"en-US","potentialAction":[{"@type":"ReadAction","target":["https:\/\/wecall.se\/en\/we-chose-wecall\/"]}]},{"@type":"ImageObject","inLanguage":"en-US","@id":"https:\/\/wecall.se\/en\/we-chose-wecall\/#primaryimage","url":"https:\/\/wecall.se\/wp-content\/uploads\/2021\/11\/Component-3-&#x2013;-1.png","contentUrl":"https:\/\/wecall.se\/wp-content\/uploads\/2021\/11\/Component-3-&#x2013;-1.png"},{"@type":"WebSite","@id":"https:\/\/wecall.se\/en\/#website","url":"https:\/\/wecall.se\/en\/","name":"Wecall","description":"Kundtj\u00e4nst, Telefonpassning &amp; Telefonservice.","potentialAction":[{"@type":"SearchAction","target":{"@type":"EntryPoint","urlTemplate":"https:\/\/wecall.se\/en\/?s={search_term_string}"},"query-input":{"@type":"PropertyValueSpecification","valueRequired":true,"valueName":"search_term_string"}}],"inLanguage":"en-US"}]}},"_links":{"self":[{"href":"https:\/\/wecall.se\/en\/wp-json\/wp\/v2\/pages\/3484","targetHints":{"allow":["GET"]}}],"collection":[{"href":"https:\/\/wecall.se\/en\/wp-json\/wp\/v2\/pages"}],"about":[{"href":"https:\/\/wecall.se\/en\/wp-json\/wp\/v2\/types\/page"}],"author":[{"embeddable":true,"href":"https:\/\/wecall.se\/en\/wp-json\/wp\/v2\/users\/1"}],"replies":[{"embeddable":true,"href":"https:\/\/wecall.se\/en\/wp-json\/wp\/v2\/comments?post=3484"}],"version-history":[{"count":1,"href":"https:\/\/wecall.se\/en\/wp-json\/wp\/v2\/pages\/3484\/revisions"}],"predecessor-version":[{"id":3486,"href":"https:\/\/wecall.se\/en\/wp-json\/wp\/v2\/pages\/3484\/revisions\/3486"}],"wp:attachment":[{"href":"https:\/\/wecall.se\/en\/wp-json\/wp\/v2\/media?parent=3484"}],"curies":[{"name":"wp","href":"https:\/\/api.w.org\/{rel}","templated":true}]}}