{"id":3487,"date":"2021-05-26T16:15:48","date_gmt":"2021-05-26T14:15:48","guid":{"rendered":"https:\/\/wecall.se\/the-pipeline\/"},"modified":"2024-05-03T10:32:53","modified_gmt":"2024-05-03T08:32:53","slug":"the-pipeline","status":"publish","type":"page","link":"https:\/\/wecall.se\/en\/the-pipeline\/","title":{"rendered":"The pipeline"},"content":{"rendered":"<section class=\"luft-xl mb-xl\" id=\"luft-block_37417054c427881c29e2fc8f6664e9d4\"><\/section><section class=\"sidrubrik-section\" data-aos=\"fade-in\" data-aos-duration=\"1000\">\n    <p><h1 style=\"text-align: center;\">Meet <strong>the management<\/strong><\/h1>\n<p>&nbsp;<\/p>\n<p style=\"text-align: center;\"><em><strong>The management team for the entire Wecall family consists of Niklas Thor\u00e9n, Ulrika Thor\u00e9n and Lars N\u00e4slund.<\/strong><\/em><\/p>\n<\/p>\n<\/section><section class=\"luft-xl mb-xl\" id=\"luft-block_37417054c427881c29e2fc8f6664e9d4\"><\/section><section class=\"force-full block-padding-lm text-med-puff-block\" id=\"kontaktkort-block_d5bfb26de777571a37cf6e262b8b3291\" style=\"background-color:#FBFAF7;\" data-aos=\"fade-in\" data-aos-duration=\"1000\">\n    <div class=\"container\">\n        <div class=\"col-holder\">\n            <div class=\"col-split-504 display-flex flex-column justify-center col-order-1\">\n                <div class=\"sidrubrik-section display-flex flex-column justify-space-around\" data-aos=\"fade-in\" data-aos-duration=\"1000\">\n                    <div class=\"display-flex flex-column text-center mb-s-special\">\n                        <p class=\"fs-s fw-light\">Wiring Wecall family<\/p>\n                        <p class=\"fs-m fw-bold color-teal border-left\">Niklas Thor\u00e9n<\/p>\n                        <p class=\"fs-s fw-light\">Sundsvall<\/p>\n                    <\/div>\n                    <div class=\"fw-light\"><p>Niklas is the CEO of Wecall and Wecall Sports. He works in business development and has overall responsibility for the whole group.<\/p>\n<\/div>\n                                                        <\/div>\n            <\/div>\n            <div class=\"col-split-360\">\n                <div class=\"kontaktkort-bild-wrapper\">\n                    <img decoding=\"async\" class=\"kontaktkort-bild\" src=\"https:\/\/wecall.se\/wp-content\/uploads\/2021\/10\/Niklas-Thoren-kopia.jpg\" alt=\"\">\n                <\/div>\n            <\/div>\n        <\/div>\n    <\/div>\n<\/section>\n\n<style>\n    \/* S\u00e4tter blockets pils f\u00e4rg *\/\n    #kontaktkort-block_d5bfb26de777571a37cf6e262b8b3291:after {\n        border-color: #FBFAF7 transparent transparent transparent;\n    }\n<\/style>\n<section class=\"force-full block-padding-lm text-med-puff-block\" id=\"kontaktkort-block_33f9c8f5205fd06d1ac0450710e8f7c8\" style=\"background-color:#FBFAF7;\" data-aos=\"fade-in\" data-aos-duration=\"1000\">\n    <div class=\"container\">\n        <div class=\"col-holder\">\n            <div class=\"col-split-504 display-flex flex-column justify-center col-order-1\">\n                <div class=\"sidrubrik-section display-flex flex-column justify-space-around\" data-aos=\"fade-in\" data-aos-duration=\"1000\">\n                    <div class=\"display-flex flex-column text-center mb-s-special\">\n                        <p class=\"fs-s fw-light\">Wiring Wecall family<\/p>\n                        <p class=\"fs-m fw-bold color-teal border-left\">Ulrika Thor\u00e9n<\/p>\n                        <p class=\"fs-s fw-light\">Sundsvall<\/p>\n                    <\/div>\n                    <div class=\"fw-light\"><p>Ulrika is Head of Finance\/HR for the Wecall Group and CEO of Axeon.<\/p>\n<\/div>\n                                                        <\/div>\n            <\/div>\n            <div class=\"col-split-360\">\n                <div class=\"kontaktkort-bild-wrapper\">\n                    <img decoding=\"async\" class=\"kontaktkort-bild\" src=\"https:\/\/wecall.se\/wp-content\/uploads\/2021\/10\/Ulrika-Thoren-kopia.jpg\" alt=\"\">\n                <\/div>\n            <\/div>\n        <\/div>\n    <\/div>\n<\/section>\n\n<style>\n    \/* S\u00e4tter blockets pils f\u00e4rg *\/\n    #kontaktkort-block_33f9c8f5205fd06d1ac0450710e8f7c8:after {\n        border-color: #FBFAF7 transparent transparent transparent;\n    }\n<\/style>\n<section class=\"force-full block-padding-lm text-med-puff-block\" id=\"kontaktkort-block_1d0874047feac3d38e8bc76d02418cf0\" style=\"background-color:#FBFAF7;\" data-aos=\"fade-in\" data-aos-duration=\"1000\">\n    <div class=\"container\">\n        <div class=\"col-holder\">\n            <div class=\"col-split-504 display-flex flex-column justify-center col-order-1\">\n                <div class=\"sidrubrik-section display-flex flex-column justify-space-around\" data-aos=\"fade-in\" data-aos-duration=\"1000\">\n                    <div class=\"display-flex flex-column text-center mb-s-special\">\n                        <p class=\"fs-s fw-light\">Wiring Wecall family<\/p>\n                        <p class=\"fs-m fw-bold color-teal border-left\">Lars N\u00e4slund<\/p>\n                        <p class=\"fs-s fw-light\">Sundsvall<\/p>\n                    <\/div>\n                    <div class=\"fw-light\"><p>Lasse is the CEO of 2022 Wecall. He is our expert in customer service solutions and the person to contact when you want a quote for any of our services.<\/p>\n<\/div>\n                                                        <\/div>\n            <\/div>\n            <div class=\"col-split-360\">\n                <div class=\"kontaktkort-bild-wrapper\">\n                    <img decoding=\"async\" class=\"kontaktkort-bild\" src=\"https:\/\/wecall.se\/wp-content\/uploads\/2021\/10\/Lars-Naslund-kopia.jpg\" alt=\"\">\n                <\/div>\n            <\/div>\n        <\/div>\n    <\/div>\n<\/section>\n\n<style>\n    \/* S\u00e4tter blockets pils f\u00e4rg *\/\n    #kontaktkort-block_1d0874047feac3d38e8bc76d02418cf0:after {\n        border-color: #FBFAF7 transparent transparent transparent;\n    }\n<\/style>\n","protected":false},"excerpt":{"rendered":"","protected":false},"author":1,"featured_media":0,"parent":0,"menu_order":0,"comment_status":"closed","ping_status":"closed","template":"","meta":{"_acf_changed":false,"footnotes":""},"class_list":["post-3487","page","type-page","status-publish","hentry"],"acf":[],"yoast_head":"<!-- This site is optimized with the Yoast SEO plugin v27.3 - https:\/\/yoast.com\/product\/yoast-seo-wordpress\/ -->\n<title>The pipeline - Wecall<\/title>\n<meta name=\"robots\" content=\"index, follow, max-snippet:-1, max-image-preview:large, max-video-preview:-1\" \/>\n<link rel=\"canonical\" href=\"https:\/\/wecall.se\/en\/the-pipeline\/\" \/>\n<meta property=\"og:locale\" content=\"en_US\" \/>\n<meta property=\"og:type\" content=\"article\" \/>\n<meta property=\"og:title\" content=\"The pipeline - Wecall\" \/>\n<meta property=\"og:url\" content=\"https:\/\/wecall.se\/en\/the-pipeline\/\" \/>\n<meta property=\"og:site_name\" content=\"Wecall\" \/>\n<meta property=\"article:publisher\" content=\"https:\/\/www.facebook.com\/wecall.se\" \/>\n<meta property=\"article:modified_time\" content=\"2024-05-03T08:32:53+00:00\" \/>\n<meta name=\"twitter:card\" content=\"summary_large_image\" \/>\n<script type=\"application\/ld+json\" class=\"yoast-schema-graph\">{\"@context\":\"https:\\\/\\\/schema.org\",\"@graph\":[{\"@type\":\"WebPage\",\"@id\":\"https:\\\/\\\/wecall.se\\\/en\\\/the-pipeline\\\/\",\"url\":\"https:\\\/\\\/wecall.se\\\/en\\\/the-pipeline\\\/\",\"name\":\"The pipeline - Wecall\",\"isPartOf\":{\"@id\":\"https:\\\/\\\/wecall.se\\\/en\\\/#website\"},\"datePublished\":\"2021-05-26T14:15:48+00:00\",\"dateModified\":\"2024-05-03T08:32:53+00:00\",\"inLanguage\":\"en-US\",\"potentialAction\":[{\"@type\":\"ReadAction\",\"target\":[\"https:\\\/\\\/wecall.se\\\/en\\\/the-pipeline\\\/\"]}]},{\"@type\":\"WebSite\",\"@id\":\"https:\\\/\\\/wecall.se\\\/en\\\/#website\",\"url\":\"https:\\\/\\\/wecall.se\\\/en\\\/\",\"name\":\"Wecall\",\"description\":\"Kundtj\u00e4nst, Telefonpassning &amp; Telefonservice.\",\"potentialAction\":[{\"@type\":\"SearchAction\",\"target\":{\"@type\":\"EntryPoint\",\"urlTemplate\":\"https:\\\/\\\/wecall.se\\\/en\\\/?s={search_term_string}\"},\"query-input\":{\"@type\":\"PropertyValueSpecification\",\"valueRequired\":true,\"valueName\":\"search_term_string\"}}],\"inLanguage\":\"en-US\"}]}<\/script>\n<!-- \/ Yoast SEO plugin. -->","yoast_head_json":{"title":"The pipeline - Wecall","robots":{"index":"index","follow":"follow","max-snippet":"max-snippet:-1","max-image-preview":"max-image-preview:large","max-video-preview":"max-video-preview:-1"},"canonical":"https:\/\/wecall.se\/en\/the-pipeline\/","og_locale":"en_US","og_type":"article","og_title":"The pipeline - Wecall","og_url":"https:\/\/wecall.se\/en\/the-pipeline\/","og_site_name":"Wecall","article_publisher":"https:\/\/www.facebook.com\/wecall.se","article_modified_time":"2024-05-03T08:32:53+00:00","twitter_card":"summary_large_image","schema":{"@context":"https:\/\/schema.org","@graph":[{"@type":"WebPage","@id":"https:\/\/wecall.se\/en\/the-pipeline\/","url":"https:\/\/wecall.se\/en\/the-pipeline\/","name":"The pipeline - Wecall","isPartOf":{"@id":"https:\/\/wecall.se\/en\/#website"},"datePublished":"2021-05-26T14:15:48+00:00","dateModified":"2024-05-03T08:32:53+00:00","inLanguage":"en-US","potentialAction":[{"@type":"ReadAction","target":["https:\/\/wecall.se\/en\/the-pipeline\/"]}]},{"@type":"WebSite","@id":"https:\/\/wecall.se\/en\/#website","url":"https:\/\/wecall.se\/en\/","name":"Wecall","description":"Kundtj\u00e4nst, Telefonpassning &amp; Telefonservice.","potentialAction":[{"@type":"SearchAction","target":{"@type":"EntryPoint","urlTemplate":"https:\/\/wecall.se\/en\/?s={search_term_string}"},"query-input":{"@type":"PropertyValueSpecification","valueRequired":true,"valueName":"search_term_string"}}],"inLanguage":"en-US"}]}},"_links":{"self":[{"href":"https:\/\/wecall.se\/en\/wp-json\/wp\/v2\/pages\/3487","targetHints":{"allow":["GET"]}}],"collection":[{"href":"https:\/\/wecall.se\/en\/wp-json\/wp\/v2\/pages"}],"about":[{"href":"https:\/\/wecall.se\/en\/wp-json\/wp\/v2\/types\/page"}],"author":[{"embeddable":true,"href":"https:\/\/wecall.se\/en\/wp-json\/wp\/v2\/users\/1"}],"replies":[{"embeddable":true,"href":"https:\/\/wecall.se\/en\/wp-json\/wp\/v2\/comments?post=3487"}],"version-history":[{"count":1,"href":"https:\/\/wecall.se\/en\/wp-json\/wp\/v2\/pages\/3487\/revisions"}],"predecessor-version":[{"id":3488,"href":"https:\/\/wecall.se\/en\/wp-json\/wp\/v2\/pages\/3487\/revisions\/3488"}],"wp:attachment":[{"href":"https:\/\/wecall.se\/en\/wp-json\/wp\/v2\/media?parent=3487"}],"curies":[{"name":"wp","href":"https:\/\/api.w.org\/{rel}","templated":true}]}}