{"id":3489,"date":"2021-05-19T11:09:57","date_gmt":"2021-05-19T09:09:57","guid":{"rendered":"https:\/\/wecall.se\/about-wecall\/"},"modified":"2025-03-17T13:51:03","modified_gmt":"2025-03-17T12:51:03","slug":"about-wecall","status":"publish","type":"page","link":"https:\/\/wecall.se\/en\/about-wecall\/","title":{"rendered":"About Wecall"},"content":{"rendered":"<section class=\"luft-l mb-l\" id=\"luft-block_3b4c0c758b3d518a1fd8315d3320706f\"><\/section>\n\n<section class=\"sidrubrik-section\" data-aos=\"fade-in\" data-aos-duration=\"1000\">\n    <p><p style=\"text-align: center;\"><em>About Wecall<\/em><\/p>\n<p>&nbsp;<\/p>\n<h1 style=\"text-align: center;\">Advanced customer service or simple telephone support &#8211; <strong>we&#8217;ve got you covered!<\/strong><\/h1>\n<p>&nbsp;<\/p>\n<p style=\"text-align: center;\"><em><strong>Wecall is one of Sweden&#8217;s leading contact center companies. We provide services to companies in various industries. <\/strong><\/em><\/p>\n<p>&nbsp;<\/p>\n<p style=\"text-align: center;\">We take care of everything from advanced customer service and sales to simple <a href=\"https:\/\/wecall.se\/en\/services\/telephone-answering-service\/\">telephone answering<\/a> and switchboard services. Our head office is in Sundsvall, but we are also located in Ume\u00e5 and Stockholm. Our customers are large and small companies in the Nordic countries and parts of Europe. We provide telephone services in Swedish, Finnish, Norwegian and English.<\/p>\n<p style=\"text-align: center;\">We are professionals at dealing with customers &#8211; whether they are happy, curious or irritated. We are often your customers&#8217; first contact with your company, and we take that trust and responsibility seriously. At Wecall, we put a lot of focus on the well-being and well-being of those who work here. We are convinced that this is when we do our best work. A personal and positive approach with a focus on solving customer needs is our top priority.<\/p>\n<p>&nbsp;<\/p>\n<p>&nbsp;<\/p>\n<p>&nbsp;<\/p>\n<\/p>\n<\/section>\n\n<section class=\"luft-l mb-l\" id=\"luft-block_3b4c0c758b3d518a1fd8315d3320706f\"><\/section>\n\n\n<section class=\"split-msg delat-meddelande force-full bg-beige\" id=\"delat-meddelande-block_60193d78e2413203c3651417487b7e12\" data-aos=\"fade-in\" data-aos-duration=\"1000\">\n    <div class=\"container-medium\">\n        <div class=\"col-holder\">\n            <div class=\"col-split-small mr-xs\">\n                <h2>We want to grow so that<br \/>\npeople are allowed to grow<\/h2>\n            <\/div>\n            <div class=\"col-split-half line-height-30 fw-lightest\">\n                <p>We know that people thrive on development. For us, it goes without saying that Wecall staff should be able to do this.<\/p>\n<p>As our people grow, we grow as a company.<\/p>\n<p>&nbsp;<\/p>\n            <\/div>\n        <\/div>\n    <\/div>\n<\/section>\n\n<section class=\"luft-xl mb-xl\" id=\"luft-block_2316305f3bdd12d31a4120e33d3d6529\"><\/section>\n\n<section class=\"sidrubrik-section\" data-aos=\"fade-in\" data-aos-duration=\"1000\">\n    <p><h1 style=\"text-align: center;\">The story of <strong>Wecall.<\/strong><\/h1>\n<\/p>\n<\/section>\n\n<section class=\"pil mt-lm mb-lm text-center\" data-aos=\"fade-in\" data-aos-duration=\"1000\">\n    <!-- <i class=\"fal fa-chevron-circle-down arrow-seperator color-teal\"><\/i> -->\n    <img decoding=\"async\" src=\"\/wp-content\/uploads\/2021\/06\/arrow-down.png\" alt=\"\">\n<\/section>\n\n\n<div class=\"force-full\">\n    <div class=\"container-large padding-0\" style=\"background-color: #F5F6F8;\">\n        <div class=\"w-100 pt-m\">\n            <h2 class=\"timeline__item timeline__item--year fw-400\">2026<\/h2>\n        <\/div>\n        <div class=\"timeline\">\n                    <div class=\"timeline__item timeline-index-1 left\" data-aos=\"fade-in\" data-aos-duration=\"2000\">\n                <h3 style=\"background-color: #005D79\" class=\"timeline__title\">Wecall \u2764 Axeon<\/h3>\n                <p class=\"timeline__description fw-light opacity-80 line-height-30\">Axeon is mainly specialized in providing service\/response services to law firms.<\/p>\n                \n                <div class=\"display-flex timeline__mini-datum\">\n                    <p class=\"fs-s fw-medium\" style=\"margin-right: auto;\">Stockholm-based contact center Axeon acquired by Wecall<\/p>\n                    <p class=\"fs-s fw-medium\">JUN 2023<\/p>\n                <\/div>\n            <\/div>\n            <style>\n                .timeline-index-1::before {\n                    border-color: #005D79 #005D79 transparent transparent;\n                }\n                .right.timeline-index-1::before {\n                    border-color: transparent transparent #005D79 #005D79;\n                }\n                .timeline-index-1.stor::after {\n                    content: \"\" !important;\n                }\n            <\/style>\n                    <div class=\"timeline__item timeline-index-2 right\" data-aos=\"fade-in\" data-aos-duration=\"2000\">\n                <h3 style=\"background-color: #F36E21\" class=\"timeline__title\">Telecenter becomes Wecall<\/h3>\n                <p class=\"timeline__description fw-light opacity-80 line-height-30\">2022 Wecall is formed and Telecenter becomes Wecall. Same staff, same knowledge and now the same name.<\/p>\n                \n                <div class=\"display-flex timeline__mini-datum\">\n                    <p class=\"fs-s fw-medium\" style=\"margin-right: auto;\">Telecenter changes name to Wecall<\/p>\n                    <p class=\"fs-s fw-medium\">JAN 2022<\/p>\n                <\/div>\n            <\/div>\n            <style>\n                .timeline-index-2::before {\n                    border-color: #F36E21 #F36E21 transparent transparent;\n                }\n                .right.timeline-index-2::before {\n                    border-color: transparent transparent #F36E21 #F36E21;\n                }\n                .timeline-index-2.stor::after {\n                    content: \"\" !important;\n                }\n            <\/style>\n                    <div class=\"timeline__item timeline-index-3 left\" data-aos=\"fade-in\" data-aos-duration=\"2000\">\n                <h3 style=\"background-color: #005D79\" class=\"timeline__title\">Wecall takes over upstairs<\/h3>\n                <p class=\"timeline__description fw-light opacity-80 line-height-30\">Wecall is expanding its premises on R\u00e5dhusgatan in Sundsvall. The old 4Sounds premises are occupied and the space is doubled in size.<\/p>\n                \n                <div class=\"display-flex timeline__mini-datum\">\n                    <p class=\"fs-s fw-medium\" style=\"margin-right: auto;\">Expands premises in Sundsvall<\/p>\n                    <p class=\"fs-s fw-medium\">SEP 2021<\/p>\n                <\/div>\n            <\/div>\n            <style>\n                .timeline-index-3::before {\n                    border-color: #005D79 #005D79 transparent transparent;\n                }\n                .right.timeline-index-3::before {\n                    border-color: transparent transparent #005D79 #005D79;\n                }\n                .timeline-index-3.stor::after {\n                    content: \"\" !important;\n                }\n            <\/style>\n                    <div class=\"timeline__item timeline-index-4 right\" data-aos=\"fade-in\" data-aos-duration=\"2000\">\n                <h3 style=\"background-color: #005D79\" class=\"timeline__title\">Telecenter relocation<\/h3>\n                <p class=\"timeline__description fw-light opacity-80 line-height-30\">Telecenter gets nice new premises in central Ume\u00e5.<\/p>\n                \n                <div class=\"display-flex timeline__mini-datum\">\n                    <p class=\"fs-s fw-medium\" style=\"margin-right: auto;\">New premises in Ume\u00e5<\/p>\n                    <p class=\"fs-s fw-medium\">JAN 2021<\/p>\n                <\/div>\n            <\/div>\n            <style>\n                .timeline-index-4::before {\n                    border-color: #005D79 #005D79 transparent transparent;\n                }\n                .right.timeline-index-4::before {\n                    border-color: transparent transparent #005D79 #005D79;\n                }\n                .timeline-index-4.stor::after {\n                    content: \"\" !important;\n                }\n            <\/style>\n                    <div class=\"timeline__item timeline-index-5 left\" data-aos=\"fade-in\" data-aos-duration=\"2000\">\n                <h3 style=\"background-color: #F36E21\" class=\"timeline__title\">Wecall heart Telecenter<\/h3>\n                <p class=\"timeline__description fw-light opacity-80 line-height-30\">The contact center Telecenter located in Ume\u00e5 is acquired by Wecall.<\/p>\n                \n                <div class=\"display-flex timeline__mini-datum\">\n                    <p class=\"fs-s fw-medium\" style=\"margin-right: auto;\">Telecenter is acquired<\/p>\n                    <p class=\"fs-s fw-medium\">MAR 2019<\/p>\n                <\/div>\n            <\/div>\n            <style>\n                .timeline-index-5::before {\n                    border-color: #F36E21 #F36E21 transparent transparent;\n                }\n                .right.timeline-index-5::before {\n                    border-color: transparent transparent #F36E21 #F36E21;\n                }\n                .timeline-index-5.stor::after {\n                    content: \"\" !important;\n                }\n            <\/style>\n                    <div class=\"timeline__item timeline-index-6 right\" data-aos=\"fade-in\" data-aos-duration=\"2000\">\n                <h3 style=\"background-color: #005D79\" class=\"timeline__title\">Prize for Wecall!<\/h3>\n                <p class=\"timeline__description fw-light opacity-80 line-height-30\">Wecall is named Entrepreneur of the Year in Sundsvall.<\/p>\n                \n                <div class=\"display-flex timeline__mini-datum\">\n                    <p class=\"fs-s fw-medium\" style=\"margin-right: auto;\">Entrepreneur of the Year<\/p>\n                    <p class=\"fs-s fw-medium\">SEP 2016<\/p>\n                <\/div>\n            <\/div>\n            <style>\n                .timeline-index-6::before {\n                    border-color: #005D79 #005D79 transparent transparent;\n                }\n                .right.timeline-index-6::before {\n                    border-color: transparent transparent #005D79 #005D79;\n                }\n                .timeline-index-6.stor::after {\n                    content: \"\" !important;\n                }\n            <\/style>\n                    <div class=\"timeline__item timeline-index-7 left\" data-aos=\"fade-in\" data-aos-duration=\"2000\">\n                <h3 style=\"background-color: #005D79\" class=\"timeline__title\">Wecall Sports sees the light of day<\/h3>\n                <p class=\"timeline__description fw-light opacity-80 line-height-30\">2015 Wecall is founded and sports sales are now a separate company.<\/p>\n                \n                <div class=\"display-flex timeline__mini-datum\">\n                    <p class=\"fs-s fw-medium\" style=\"margin-right: auto;\">Wecall Sports is launched<\/p>\n                    <p class=\"fs-s fw-medium\">DEC 2015<\/p>\n                <\/div>\n            <\/div>\n            <style>\n                .timeline-index-7::before {\n                    border-color: #005D79 #005D79 transparent transparent;\n                }\n                .right.timeline-index-7::before {\n                    border-color: transparent transparent #005D79 #005D79;\n                }\n                .timeline-index-7.stor::after {\n                    content: \"\" !important;\n                }\n            <\/style>\n                    <div class=\"timeline__item timeline-index-8 right\" data-aos=\"fade-in\" data-aos-duration=\"2000\">\n                <h3 style=\"background-color: #F36E21\" class=\"timeline__title\">More space needed<\/h3>\n                <p class=\"timeline__description fw-light opacity-80 line-height-30\">Wecall needs more space and is moving to premises twice as large on R\u00e5dhusgatan in Sundsvall.<\/p>\n                \n                <div class=\"display-flex timeline__mini-datum\">\n                    <p class=\"fs-s fw-medium\" style=\"margin-right: auto;\">Changing premises<\/p>\n                    <p class=\"fs-s fw-medium\">MAY 2007<\/p>\n                <\/div>\n            <\/div>\n            <style>\n                .timeline-index-8::before {\n                    border-color: #F36E21 #F36E21 transparent transparent;\n                }\n                .right.timeline-index-8::before {\n                    border-color: transparent transparent #F36E21 #F36E21;\n                }\n                .timeline-index-8.stor::after {\n                    content: \"\" !important;\n                }\n            <\/style>\n                    <div class=\"timeline__item timeline-index-9 left\" data-aos=\"fade-in\" data-aos-duration=\"2000\">\n                <h3 style=\"background-color: #005D79\" class=\"timeline__title\">Wecall is born!<\/h3>\n                <p class=\"timeline__description fw-light opacity-80 line-height-30\">Wecall AB opens the doors to the office on Kyrkogatan in Sundsvall.<\/p>\n                \n                <div class=\"display-flex timeline__mini-datum\">\n                    <p class=\"fs-s fw-medium\" style=\"margin-right: auto;\">The company started<\/p>\n                    <p class=\"fs-s fw-medium\">NOV 2004<\/p>\n                <\/div>\n            <\/div>\n            <style>\n                .timeline-index-9::before {\n                    border-color: #005D79 #005D79 transparent transparent;\n                }\n                .right.timeline-index-9::before {\n                    border-color: transparent transparent #005D79 #005D79;\n                }\n                .timeline-index-9.stor::after {\n                    content: \"2004\" !important;\n                }\n            <\/style>\n                <\/div>\n        <div class=\"img\" style=\"\n            height: 507px;\n            width: 100%;\n            background-image: url('\/wp-content\/uploads\/2021\/05\/Rectangle-879-1.png');\n            background-position-y: bottom;\n            background-repeat: no-repeat;\n            background-size: contain;\">\n        <\/div>\n    <\/div>\n<\/div>\n\n\n<section class=\"luft-lm mb-lm\" id=\"luft-block_25d442fc003badc5c22221cddff60997\"><\/section>\n\n\n<h2><strong>G\u00f6r en offertf\u00f6rfr\u00e5gan!<\/strong><\/h2><pre class=\"wp-block-code\"><code><div data-tf-widget=\"Z87m6sVw\" data-tf-opacity=\"100\" data-tf-iframe-props=\"title=Allm\u00e4n kontakt\" data-tf-transitive-search-params=\"\" data-tf-medium=\"snippet\" style=\"width:100%;height:500px;\"><\/div><script src=\"\/\/embed.typeform.com\/next\/embed.js\"><\/script><\/code><\/pre>\n\n\n\n<p><\/p>\n","protected":false},"excerpt":{"rendered":"","protected":false},"author":1,"featured_media":0,"parent":0,"menu_order":0,"comment_status":"closed","ping_status":"closed","template":"","meta":{"_acf_changed":false,"footnotes":""},"class_list":["post-3489","page","type-page","status-publish","hentry"],"acf":[],"yoast_head":"<!-- This site is optimized with the Yoast SEO plugin v27.3 - https:\/\/yoast.com\/product\/yoast-seo-wordpress\/ -->\n<title>About Wecall - Wecall<\/title>\n<meta name=\"robots\" content=\"index, follow, max-snippet:-1, max-image-preview:large, max-video-preview:-1\" \/>\n<link rel=\"canonical\" href=\"https:\/\/wecall.se\/en\/about-wecall\/\" \/>\n<meta property=\"og:locale\" content=\"en_US\" \/>\n<meta property=\"og:type\" content=\"article\" \/>\n<meta property=\"og:title\" content=\"About Wecall - Wecall\" \/>\n<meta property=\"og:url\" content=\"https:\/\/wecall.se\/en\/about-wecall\/\" \/>\n<meta property=\"og:site_name\" content=\"Wecall\" \/>\n<meta property=\"article:publisher\" content=\"https:\/\/www.facebook.com\/wecall.se\" \/>\n<meta property=\"article:modified_time\" content=\"2025-03-17T12:51:03+00:00\" \/>\n<meta name=\"twitter:card\" content=\"summary_large_image\" \/>\n<script type=\"application\/ld+json\" class=\"yoast-schema-graph\">{\"@context\":\"https:\\\/\\\/schema.org\",\"@graph\":[{\"@type\":\"WebPage\",\"@id\":\"https:\\\/\\\/wecall.se\\\/en\\\/about-wecall\\\/\",\"url\":\"https:\\\/\\\/wecall.se\\\/en\\\/about-wecall\\\/\",\"name\":\"About Wecall - Wecall\",\"isPartOf\":{\"@id\":\"https:\\\/\\\/wecall.se\\\/en\\\/#website\"},\"datePublished\":\"2021-05-19T09:09:57+00:00\",\"dateModified\":\"2025-03-17T12:51:03+00:00\",\"inLanguage\":\"en-US\",\"potentialAction\":[{\"@type\":\"ReadAction\",\"target\":[\"https:\\\/\\\/wecall.se\\\/en\\\/about-wecall\\\/\"]}]},{\"@type\":\"WebSite\",\"@id\":\"https:\\\/\\\/wecall.se\\\/en\\\/#website\",\"url\":\"https:\\\/\\\/wecall.se\\\/en\\\/\",\"name\":\"Wecall\",\"description\":\"Kundtj\u00e4nst, Telefonpassning &amp; Telefonservice.\",\"potentialAction\":[{\"@type\":\"SearchAction\",\"target\":{\"@type\":\"EntryPoint\",\"urlTemplate\":\"https:\\\/\\\/wecall.se\\\/en\\\/?s={search_term_string}\"},\"query-input\":{\"@type\":\"PropertyValueSpecification\",\"valueRequired\":true,\"valueName\":\"search_term_string\"}}],\"inLanguage\":\"en-US\"}]}<\/script>\n<!-- \/ Yoast SEO plugin. -->","yoast_head_json":{"title":"About Wecall - Wecall","robots":{"index":"index","follow":"follow","max-snippet":"max-snippet:-1","max-image-preview":"max-image-preview:large","max-video-preview":"max-video-preview:-1"},"canonical":"https:\/\/wecall.se\/en\/about-wecall\/","og_locale":"en_US","og_type":"article","og_title":"About Wecall - Wecall","og_url":"https:\/\/wecall.se\/en\/about-wecall\/","og_site_name":"Wecall","article_publisher":"https:\/\/www.facebook.com\/wecall.se","article_modified_time":"2025-03-17T12:51:03+00:00","twitter_card":"summary_large_image","schema":{"@context":"https:\/\/schema.org","@graph":[{"@type":"WebPage","@id":"https:\/\/wecall.se\/en\/about-wecall\/","url":"https:\/\/wecall.se\/en\/about-wecall\/","name":"About Wecall - Wecall","isPartOf":{"@id":"https:\/\/wecall.se\/en\/#website"},"datePublished":"2021-05-19T09:09:57+00:00","dateModified":"2025-03-17T12:51:03+00:00","inLanguage":"en-US","potentialAction":[{"@type":"ReadAction","target":["https:\/\/wecall.se\/en\/about-wecall\/"]}]},{"@type":"WebSite","@id":"https:\/\/wecall.se\/en\/#website","url":"https:\/\/wecall.se\/en\/","name":"Wecall","description":"Kundtj\u00e4nst, Telefonpassning &amp; Telefonservice.","potentialAction":[{"@type":"SearchAction","target":{"@type":"EntryPoint","urlTemplate":"https:\/\/wecall.se\/en\/?s={search_term_string}"},"query-input":{"@type":"PropertyValueSpecification","valueRequired":true,"valueName":"search_term_string"}}],"inLanguage":"en-US"}]}},"_links":{"self":[{"href":"https:\/\/wecall.se\/en\/wp-json\/wp\/v2\/pages\/3489","targetHints":{"allow":["GET"]}}],"collection":[{"href":"https:\/\/wecall.se\/en\/wp-json\/wp\/v2\/pages"}],"about":[{"href":"https:\/\/wecall.se\/en\/wp-json\/wp\/v2\/types\/page"}],"author":[{"embeddable":true,"href":"https:\/\/wecall.se\/en\/wp-json\/wp\/v2\/users\/1"}],"replies":[{"embeddable":true,"href":"https:\/\/wecall.se\/en\/wp-json\/wp\/v2\/comments?post=3489"}],"version-history":[{"count":2,"href":"https:\/\/wecall.se\/en\/wp-json\/wp\/v2\/pages\/3489\/revisions"}],"predecessor-version":[{"id":3708,"href":"https:\/\/wecall.se\/en\/wp-json\/wp\/v2\/pages\/3489\/revisions\/3708"}],"wp:attachment":[{"href":"https:\/\/wecall.se\/en\/wp-json\/wp\/v2\/media?parent=3489"}],"curies":[{"name":"wp","href":"https:\/\/api.w.org\/{rel}","templated":true}]}}