{"id":3491,"date":"2021-05-03T16:45:37","date_gmt":"2021-05-03T14:45:37","guid":{"rendered":"https:\/\/wecall.se\/home\/"},"modified":"2026-04-01T15:11:35","modified_gmt":"2026-04-01T13:11:35","slug":"home","status":"publish","type":"page","link":"https:\/\/wecall.se\/en\/","title":{"rendered":"Home"},"content":{"rendered":"<section class=\"force-full\" id=\"hero-block_33ec6d778f8169af43b2b0381817b285\" data-aos=\"fade-in\" data-aos-duration=\"1000\">\n    <div class=\"aloq-container\">\n        <div class=\"aloq-hero\" data-aos=\"fade-in\" data-aos-duration=\"1000\">\n            <div class=\"image-section\" style=\"background-image: url('https:\/\/wecall.se\/wp-content\/uploads\/2023\/12\/alicia-e1702903575611-700x914.jpeg')\">\n                <img decoding=\"async\" src=\"https:\/\/wecall.se\/wp-content\/uploads\/2023\/12\/alicia-e1702903575611-700x914.jpeg\" alt=\"\"\n                     width=\"700\"\n                     height=\"914\" loading=\"lazy\"\/>\n            <\/div>\n            <div class=\"text-section\">\n                <h1>Don&#8217;t miss any important calls<\/h1>\n                <p>One in three companies loses business due to poor answering service, phone tag and annoying phone queues. But it doesn&#8217;t have to be like that. We help both small and large companies that understand that accessibility is a competitive advantage.  <\/p><div class=\"ctas\"><a class=\"btn\" href=\"https:\/\/wecall.se\/en\/services\/telephone-answering-service\/\" >Get help with Phone Care<\/a><a class=\"btn\" href=\"https:\/\/wecall.se\/en\/services\/\" >Our services<\/a><\/div>            <\/div>\n        <\/div>\n    <\/div>\n<\/section>\n\n\n        <section class=\"force-full\" id=\"why-wecall-block_0ea509154d0d0a03adbac336a602049d\" data-aos=\"fade-in\" data-aos-duration=\"1000\">\n            <div class=\"aloq-container\">\n                <div class=\"why-wecall\" data-aos=\"fade-in\" data-aos-duration=\"1000\">\n                    <h1>Why you should choose Wecall!  <\/h1>\n                    <div class=\"ww-sections\">\n\n                    <div class=\"ww-section\">\n<img decoding=\"async\" src=\"https:\/\/wecall.se\/wp-content\/uploads\/2023\/11\/noun-calling-5079289-250x250.png\" alt=\"\" width=\"250\" height=\"250\" loading=\"lazy\"\/>\n<h2>Become more accessible to your customers with our help<\/h2>\n<p>Thanks to us, anyone who contacts you and your company can get a response every day, all year round<\/p>\n<\/div><div class=\"ww-section\">\n<img decoding=\"async\" src=\"https:\/\/wecall.se\/wp-content\/uploads\/2023\/11\/noun-chat-5079286-250x250.png\" alt=\"\" width=\"250\" height=\"250\" loading=\"lazy\"\/>\n<h2>Give your customers a better customer experience<\/h2>\n<p>We are both responsive and solution-oriented so that your customers experience the highest possible service<\/p>\n<\/div><div class=\"ww-section\">\n<img decoding=\"async\" src=\"https:\/\/wecall.se\/wp-content\/uploads\/2023\/11\/noun-customer-service-5079281-250x250.png\" alt=\"\" width=\"250\" height=\"250\" loading=\"lazy\"\/>\n<h2>We handle +100,000 contacts\/month<\/h2>\n<p>Together, 45 employees help more than 800 companies serve their customers by phone, chat and email.<\/p>\n<\/div>                    <\/div>\n<!--    -->                <\/div>\n            <\/div>\n        <\/section>\n\n    \n<div style=\"height:100px\" aria-hidden=\"true\" class=\"wp-block-spacer\"><\/div>\n\n        <section class=\"reference-clients-wrapper bg-beige force-full\" id=\"reference-clients-block_f6fd10433afc6971a9c7f49320d15c37\" data-aos=\"fade-in\" data-aos-duration=\"1000\">\n            <div class=\"aloq-container\">\n                <div class=\"reference-clients\" data-aos=\"fade-in\" data-aos-duration=\"1000\">\n                    <h1>Reference customers<\/h1><div class='rc-list'><img decoding=\"async\" src=\"https:\/\/wecall.se\/wp-content\/uploads\/2021\/07\/OFFICE-kopiera-1.png\" loading=\"lazy\" alt=\"Office Sverige AB\"\/><img decoding=\"async\" src=\"https:\/\/wecall.se\/wp-content\/uploads\/2021\/07\/MENIGO-kopiera.png\" loading=\"lazy\" alt=\"Menigo Foodservice\"\/><img decoding=\"async\" src=\"https:\/\/wecall.se\/wp-content\/uploads\/2021\/07\/LEDARNA-kopiera.png\" loading=\"lazy\" alt=\"The leaders\"\/><img decoding=\"async\" src=\"https:\/\/wecall.se\/wp-content\/uploads\/2021\/07\/ICA-kopiera.png\" loading=\"lazy\" alt=\"ICA\"\/><img decoding=\"async\" src=\"https:\/\/wecall.se\/wp-content\/uploads\/2021\/07\/BILBOLAGET-kopiera.png\" loading=\"lazy\" alt=\"Car company\"\/><img decoding=\"async\" src=\"https:\/\/wecall.se\/wp-content\/uploads\/2021\/07\/SCA-kopiera.png\" loading=\"lazy\" alt=\"SCA\"\/><\/div>                <\/div>\n            <\/div>\n        <\/section>\n    <section class=\"force-full\" id=\"hero-block_6cc4e6eebee6942e19bddfc1054f7e69\" data-aos=\"fade-in\" data-aos-duration=\"1000\">\n    <div class=\"aloq-container\">\n        <div class=\"aloq-clients\" data-aos=\"fade-in\" data-aos-duration=\"1000\">\n            <h1>Customer case<\/h1>\n                          <p>We are proud that our customers are happy to tell us what it is like to work with us  <\/p>\n            <div class=\"clients\"><div class=\"client\">\n    <div class=\"image\" style=\"background-image: url('https:\/\/wecall.se\/wp-content\/uploads\/2023\/01\/wecall_bilbolaget-700x418.webp')\">\n        <img decoding=\"async\" src=\"https:\/\/wecall.se\/wp-content\/uploads\/2023\/01\/wecall_bilbolaget-700x418.webp\" alt=\"\" width=\"700\" height=\"418\" loading=\"lazy\"\/>\n    <\/div>\n    <div class=\"text\">How we help Bilbolaget in its everyday life<\/div>\n    <div class=\"cta\">\n        <a class=\"btn\" href=\"https:\/\/wecall.se\/en\/car-company\/\" target=\"{\">Read more<\/a>\n    <\/div>\n<\/div><div class=\"client\">\n    <div class=\"image\" style=\"background-image: url('https:\/\/wecall.se\/wp-content\/uploads\/2023\/10\/steven-weeks-DUPFowqI6oI-unsplash-700x467.jpg')\">\n        <img decoding=\"async\" src=\"https:\/\/wecall.se\/wp-content\/uploads\/2023\/10\/steven-weeks-DUPFowqI6oI-unsplash-700x467.jpg\" alt=\"\" width=\"700\" height=\"467\" loading=\"lazy\"\/>\n    <\/div>\n    <div class=\"text\">Read how we help the Swedish Farmers&#8217; Union grow<\/div>\n    <div class=\"cta\">\n        <a class=\"btn\" href=\"https:\/\/wecall.se\/en\/national-farmers-union\/\" target=\"{\">Read more<\/a>\n    <\/div>\n<\/div><\/div>            \n        <\/div>\n    <\/div>\n<\/section>\n\n\n<div style=\"height:100px\" aria-hidden=\"true\" class=\"wp-block-spacer\"><\/div>\n        <section class=\"force-full bg-beige\" id=\"why-wecall-block_58edf6ea794044c1961d1a3dc4f5f763\" data-aos=\"fade-in\" data-aos-duration=\"1000\">\n            <div class=\"aloq-container\">\n                <div class=\"coworkers\" data-aos=\"fade-in\" data-aos-duration=\"1000\">\n                    <h1>Meet some of our employees<\/h1>\n                    <p>Our main focus is on the well-being and well-being of everyone working at Wecall. We are convinced that this is when we do our best work.<\/p>                    <div class=\"cw-sections\">\n                        <div class=\"cw-section\">\n<img decoding=\"async\" src=\"https:\/\/wecall.se\/wp-content\/uploads\/2023\/11\/Michael-Backlund-250x250.jpg\" alt=\"\" width=\"250\" height=\"250\" loading=\"lazy\"\/>\n<p>I&#8217;ve tried my hand at two other companies but came back. It is a sign that you are happy. <\/p>\n<h2>Michael Backlund<\/h2>\n<\/div><div class=\"cw-section\">\n<img decoding=\"async\" src=\"https:\/\/wecall.se\/wp-content\/uploads\/2023\/11\/Ann-aslund-250x250.jpg\" alt=\"\" width=\"250\" height=\"250\" loading=\"lazy\"\/>\n<p>We have a great sense of community even though we are in different groups. We are like a family. Wecall is like my second family<\/p>\n<h2>Ann \u00c5slund<\/h2>\n<\/div>                    <\/div>\n                    <!--    -->                <\/div>\n            <\/div>\n        <\/section>\n\n    \n        <section class=\"force-full\" id=\"why-wecall-block_11f57dff3eb80007c90fc4a51dbc9744\" data-aos=\"fade-in\" data-aos-duration=\"1000\">\n            <div class=\"aloq-container\">\n                <div class=\"our-services\" data-aos=\"fade-in\" data-aos-duration=\"1000\">\n                    <h1>Our services<\/h1>\n                    <p>We can help you achieve a better customer experience. You get in touch with us right away via our company chat<\/p>\n                    <div class=\"os-sections\">\n\n                        <div class=\"os-section\"><div><img decoding=\"async\" src=\"https:\/\/wecall.se\/wp-content\/uploads\/2023\/11\/noun-share-5079296-250x250.png\" alt=\"\" width=\"250\" height=\"250\" loading=\"lazy\"\/><\/div>\n<h2>Advanced customer service<\/h2>\n<p>We offer advanced customer service. Such as receiving complaints, orders and bookings. We relieve your business by answering everything from general questions to solving relatively complex problems.<\/p><div class=\"link-wrapper\">\n<a href=\"https:\/\/wecall.se\/en\/services\/customer-service\/\"  target=\"\" class=\"btn\">Customer service<\/a>\n<\/div><\/div><div class=\"os-section\"><div><img decoding=\"async\" src=\"https:\/\/wecall.se\/wp-content\/uploads\/2023\/11\/noun-calling-5079289-250x250.png\" alt=\"\" width=\"250\" height=\"250\" loading=\"lazy\"\/><\/div>\n<h2>Telephone answering service<\/h2>\n<p>With our help, callers to your business can get an answer every day, all year round. Even when you don&#8217;t have time or are not on site. We take your calls when you&#8217;re busy and always answer with a smile<\/p><div class=\"link-wrapper\">\n<a href=\"https:\/\/wecall.se\/en\/services\/telephone-answering-service\/\"  target=\"\" class=\"btn\">Telephone answering service<\/a>\n<\/div><\/div><div class=\"os-section\"><div><img decoding=\"async\" src=\"https:\/\/wecall.se\/wp-content\/uploads\/2023\/11\/noun-call-out-5079283-250x250.png\" alt=\"\" width=\"250\" height=\"250\" loading=\"lazy\"\/><\/div>\n<h2>External sales<\/h2>\n<p>We reach the right person, ask the right questions and get closure. Let us help you with visitor bookings, market research and direct sales. Expect a friendly welcome. Always<\/p><div class=\"link-wrapper\">\n<a href=\"https:\/\/wecall.se\/en\/services\/sales\/\"  target=\"\" class=\"btn\">Telephone sales<\/a>\n<\/div><\/div><div class=\"os-section\"><div><img decoding=\"async\" src=\"https:\/\/wecall.se\/wp-content\/uploads\/2023\/11\/noun-setting-5079305-250x250.png\" alt=\"\" width=\"250\" height=\"250\" loading=\"lazy\"\/><\/div>\n<h2>Gear solutions<\/h2>\n<p>We can help you whether you want to have your own switchboard or whether you want to rent the entire switchboard function.<\/p><div class=\"link-wrapper\">\n<a href=\"https:\/\/wecall.se\/en\/services\/gear-solutions\/\"  target=\"\" class=\"btn\">Gear solutions<\/a>\n<\/div><\/div>                    <\/div>\n<!--                        -->                <\/div>\n            <\/div>\n        <\/section>\n\n    \n<script type=\"application\/ld+json\">{\n  \"@context\": \"https:\/\/schema.org\",\n  \"@graph\": [\n    {\n      \"@type\": \"ProfessionalService\",\n      \"@id\": \"https:\/\/wecall.se\/#localbusiness\",\n      \"name\": \"Wecall\",\n      \"url\": \"https:\/\/wecall.se\/\",\n      \"logo\": {\n        \"@type\": \"ImageObject\",\n        \"url\": \"https:\/\/wecall.se\/wp-content\/uploads\/2024\/05\/wecall-logo.png\"\n      },\n      \"image\": \"https:\/\/wecall.se\/wp-content\/uploads\/2024\/05\/wecall-logo.png\",\n      \"description\": \"Wecall hj\u00e4lper f\u00f6retag att bli tillg\u00e4ngliga f\u00f6r sina kunder alla dagar, \u00e5ret runt. Vi erbjuder professionell telefonpassning, kundtj\u00e4nst och v\u00e4xell\u00f6sningar f\u00f6r b\u00e5de sm\u00e5 och stora f\u00f6retag.\",\n      \"telephone\": \"+46607890100\",\n      \"email\": \"info@wecall.se\",\n      \"address\": {\n        \"@type\": \"PostalAddress\",\n        \"streetAddress\": \"R\u00e5dhusgatan 19\",\n        \"postalCode\": \"852 31\",\n        \"addressLocality\": \"Sundsvall\",\n        \"addressCountry\": \"SE\"\n      },\n      \"areaServed\": {\n        \"@type\": \"Country\",\n        \"name\": \"Sweden\"\n      },\n      \"priceRange\": \"$$\"\n    },\n    {\n      \"@type\": \"WebSite\",\n      \"@id\": \"https:\/\/wecall.se\/#website\",\n      \"url\": \"https:\/\/wecall.se\/\",\n      \"name\": \"Wecall\",\n      \"publisher\": {\n        \"@id\": \"https:\/\/wecall.se\/#localbusiness\"\n      }\n    },\n    {\n      \"@type\": \"Service\",\n      \"name\": \"Telefonpassning\",\n      \"provider\": {\n        \"@id\": \"https:\/\/wecall.se\/#localbusiness\"\n      },\n      \"description\": \"Med v\u00e5r hj\u00e4lp kan den som ringer till ditt f\u00f6retag f\u00e5 svar alla dagar, \u00e5ret runt. Vi tar dina samtal n\u00e4r du \u00e4r upptagen och svarar alltid med ett leende p\u00e5 l\u00e4pparna.\",\n      \"url\": \"https:\/\/wecall.se\/tjanster\/telefonpassning\/\"\n    },\n    {\n      \"@type\": \"Service\",\n      \"name\": \"Avancerad kundservice\",\n      \"provider\": {\n        \"@id\": \"https:\/\/wecall.se\/#localbusiness\"\n      },\n      \"description\": \"Vi erbjuder avancerad kundservice som att ta emot reklamationer, best\u00e4llningar och bokningar. Vi l\u00f6ser allt fr\u00e5n allm\u00e4nna fr\u00e5gor till komplexa problem.\",\n      \"url\": \"https:\/\/wecall.se\/tjanster\/kundtjanst\/\"\n    },\n    {\n      \"@type\": \"Service\",\n      \"name\": \"Extern f\u00f6rs\u00e4ljning\",\n      \"provider\": {\n        \"@id\": \"https:\/\/wecall.se\/#localbusiness\"\n      },\n      \"description\": \"Hj\u00e4lp med bes\u00f6ksbokningar, marknadsunders\u00f6kningar och direktf\u00f6rs\u00e4ljning. Vi n\u00e5r r\u00e4tt person, st\u00e4ller r\u00e4tt fr\u00e5gor och kommer till avslut.\",\n      \"url\": \"https:\/\/wecall.se\/tjanster\/extern-forsaljning\/\"\n    }\n  ]\n}\n<\/script>\n","protected":false},"excerpt":{"rendered":"","protected":false},"author":1,"featured_media":0,"parent":0,"menu_order":0,"comment_status":"closed","ping_status":"closed","template":"","meta":{"_acf_changed":false,"footnotes":""},"class_list":["post-3491","page","type-page","status-publish","hentry"],"acf":[],"yoast_head":"<!-- This site is optimized with the Yoast SEO plugin v27.3 - https:\/\/yoast.com\/product\/yoast-seo-wordpress\/ -->\n<title>Wecall - Customer Service, Phone Care &amp; Phone Service.<\/title>\n<meta name=\"robots\" content=\"index, follow, max-snippet:-1, max-image-preview:large, max-video-preview:-1\" \/>\n<link rel=\"canonical\" href=\"https:\/\/wecall.se\/en\/\" \/>\n<meta property=\"og:locale\" content=\"en_US\" \/>\n<meta property=\"og:type\" content=\"article\" \/>\n<meta property=\"og:title\" content=\"Wecall - Customer Service, Phone Care &amp; Phone Service.\" \/>\n<meta property=\"og:url\" content=\"https:\/\/wecall.se\/en\/\" \/>\n<meta property=\"og:site_name\" content=\"Wecall\" \/>\n<meta property=\"article:publisher\" content=\"https:\/\/www.facebook.com\/wecall.se\" \/>\n<meta property=\"article:modified_time\" content=\"2026-04-01T13:11:35+00:00\" \/>\n<meta name=\"twitter:card\" content=\"summary_large_image\" \/>\n<script type=\"application\/ld+json\" class=\"yoast-schema-graph\">{\"@context\":\"https:\\\/\\\/schema.org\",\"@graph\":[{\"@type\":\"WebPage\",\"@id\":\"https:\\\/\\\/wecall.se\\\/en\\\/\",\"url\":\"https:\\\/\\\/wecall.se\\\/en\\\/\",\"name\":\"Wecall - Customer Service, Phone Care & Phone Service.\",\"isPartOf\":{\"@id\":\"https:\\\/\\\/wecall.se\\\/en\\\/#website\"},\"datePublished\":\"2021-05-03T14:45:37+00:00\",\"dateModified\":\"2026-04-01T13:11:35+00:00\",\"inLanguage\":\"en-US\",\"potentialAction\":[{\"@type\":\"ReadAction\",\"target\":[\"https:\\\/\\\/wecall.se\\\/en\\\/\"]}]},{\"@type\":\"WebSite\",\"@id\":\"https:\\\/\\\/wecall.se\\\/en\\\/#website\",\"url\":\"https:\\\/\\\/wecall.se\\\/en\\\/\",\"name\":\"Wecall\",\"description\":\"Kundtj\u00e4nst, Telefonpassning &amp; Telefonservice.\",\"potentialAction\":[{\"@type\":\"SearchAction\",\"target\":{\"@type\":\"EntryPoint\",\"urlTemplate\":\"https:\\\/\\\/wecall.se\\\/en\\\/?s={search_term_string}\"},\"query-input\":{\"@type\":\"PropertyValueSpecification\",\"valueRequired\":true,\"valueName\":\"search_term_string\"}}],\"inLanguage\":\"en-US\"}]}<\/script>\n<!-- \/ Yoast SEO plugin. -->","yoast_head_json":{"title":"Wecall - Customer Service, Phone Care & Phone Service.","robots":{"index":"index","follow":"follow","max-snippet":"max-snippet:-1","max-image-preview":"max-image-preview:large","max-video-preview":"max-video-preview:-1"},"canonical":"https:\/\/wecall.se\/en\/","og_locale":"en_US","og_type":"article","og_title":"Wecall - Customer Service, Phone Care & Phone Service.","og_url":"https:\/\/wecall.se\/en\/","og_site_name":"Wecall","article_publisher":"https:\/\/www.facebook.com\/wecall.se","article_modified_time":"2026-04-01T13:11:35+00:00","twitter_card":"summary_large_image","schema":{"@context":"https:\/\/schema.org","@graph":[{"@type":"WebPage","@id":"https:\/\/wecall.se\/en\/","url":"https:\/\/wecall.se\/en\/","name":"Wecall - Customer Service, Phone Care & Phone Service.","isPartOf":{"@id":"https:\/\/wecall.se\/en\/#website"},"datePublished":"2021-05-03T14:45:37+00:00","dateModified":"2026-04-01T13:11:35+00:00","inLanguage":"en-US","potentialAction":[{"@type":"ReadAction","target":["https:\/\/wecall.se\/en\/"]}]},{"@type":"WebSite","@id":"https:\/\/wecall.se\/en\/#website","url":"https:\/\/wecall.se\/en\/","name":"Wecall","description":"Kundtj\u00e4nst, Telefonpassning &amp; Telefonservice.","potentialAction":[{"@type":"SearchAction","target":{"@type":"EntryPoint","urlTemplate":"https:\/\/wecall.se\/en\/?s={search_term_string}"},"query-input":{"@type":"PropertyValueSpecification","valueRequired":true,"valueName":"search_term_string"}}],"inLanguage":"en-US"}]}},"_links":{"self":[{"href":"https:\/\/wecall.se\/en\/wp-json\/wp\/v2\/pages\/3491","targetHints":{"allow":["GET"]}}],"collection":[{"href":"https:\/\/wecall.se\/en\/wp-json\/wp\/v2\/pages"}],"about":[{"href":"https:\/\/wecall.se\/en\/wp-json\/wp\/v2\/types\/page"}],"author":[{"embeddable":true,"href":"https:\/\/wecall.se\/en\/wp-json\/wp\/v2\/users\/1"}],"replies":[{"embeddable":true,"href":"https:\/\/wecall.se\/en\/wp-json\/wp\/v2\/comments?post=3491"}],"version-history":[{"count":8,"href":"https:\/\/wecall.se\/en\/wp-json\/wp\/v2\/pages\/3491\/revisions"}],"predecessor-version":[{"id":3984,"href":"https:\/\/wecall.se\/en\/wp-json\/wp\/v2\/pages\/3491\/revisions\/3984"}],"wp:attachment":[{"href":"https:\/\/wecall.se\/en\/wp-json\/wp\/v2\/media?parent=3491"}],"curies":[{"name":"wp","href":"https:\/\/api.w.org\/{rel}","templated":true}]}}